{"id":2044,"date":"2024-09-10T19:58:21","date_gmt":"2024-09-10T22:58:21","guid":{"rendered":"https:\/\/famep.com.br\/site\/?page_id=2044"},"modified":"2024-09-11T20:24:26","modified_gmt":"2024-09-11T23:24:26","slug":"enfermagem","status":"publish","type":"page","link":"https:\/\/famep.com.br\/site\/producao-cientifica\/enfermagem\/","title":{"rendered":"Trabalhos Enfermagem"},"content":{"rendered":"\t\t<div data-elementor-type=\"wp-page\" data-elementor-id=\"2044\" class=\"elementor elementor-2044\" data-elementor-post-type=\"page\">\n\t\t\t\t<div class=\"elementor-element elementor-element-ca64724 e-flex e-con-boxed e-con e-parent\" data-id=\"ca64724\" data-element_type=\"container\" data-settings=\"{&quot;background_background&quot;:&quot;slideshow&quot;,&quot;background_slideshow_gallery&quot;:[{&quot;id&quot;:1015,&quot;url&quot;:&quot;https:\\\/\\\/famep.com.br\\\/site\\\/wp-content\\\/uploads\\\/2024\\\/07\\\/backgroud-topo.jpg&quot;}],&quot;background_slideshow_loop&quot;:&quot;yes&quot;,&quot;background_slideshow_slide_duration&quot;:5000,&quot;background_slideshow_slide_transition&quot;:&quot;fade&quot;,&quot;background_slideshow_transition_duration&quot;:500}\">\n\t\t\t\t\t<div class=\"e-con-inner\">\n\t\t\t\t<div class=\"elementor-element elementor-element-a07f6cd elementor-headline--style-highlight elementor-widget elementor-widget-animated-headline\" data-id=\"a07f6cd\" data-element_type=\"widget\" data-settings=\"{&quot;highlighted_text&quot;:&quot;ENFERMAGEM&quot;,&quot;headline_style&quot;:&quot;highlight&quot;,&quot;marker&quot;:&quot;circle&quot;,&quot;loop&quot;:&quot;yes&quot;,&quot;highlight_animation_duration&quot;:1200,&quot;highlight_iteration_delay&quot;:8000}\" data-widget_type=\"animated-headline.default\">\n\t\t\t\t<div class=\"elementor-widget-container\">\n\t\t\t\t\t<h3 class=\"elementor-headline\">\n\t\t\t\t\t<span class=\"elementor-headline-plain-text elementor-headline-text-wrapper\">TRABALHOS<\/span>\n\t\t\t\t<span class=\"elementor-headline-dynamic-wrapper elementor-headline-text-wrapper\">\n\t\t\t\t\t<span class=\"elementor-headline-dynamic-text elementor-headline-text-active\">ENFERMAGEM<\/span>\n\t\t\t\t<\/span>\n\t\t\t\t<\/h3>\n\t\t\t\t<\/div>\n\t\t\t\t<\/div>\n\t\t\t\t\t<\/div>\n\t\t\t\t<\/div>\n\t\t<div class=\"elementor-element elementor-element-2d740e8 e-flex e-con-boxed e-con e-parent\" data-id=\"2d740e8\" data-element_type=\"container\">\n\t\t\t\t\t<div class=\"e-con-inner\">\n\t\t\t\t<div class=\"elementor-element elementor-element-ec7c271 elementor-widget elementor-widget-Table\" data-id=\"ec7c271\" data-element_type=\"widget\" data-widget_type=\"Table.default\">\n\t\t\t\t<div class=\"elementor-widget-container\">\n\t\t\t\t\t<table class=\"tafe-table \">\n\t\t\t<thead  class=\"tafe-table-header\">\n\t\t\t\t<tr>\n\t\t\t\t\t<th class=\"elementor-inline-editing elementor-repeater-item-3115212\"   >C\u00d3DIGO<\/th><th class=\"elementor-inline-editing elementor-repeater-item-0f7b23a\"   >T\u00cdTULO DO TRABALHO<\/th><th class=\"elementor-inline-editing elementor-repeater-item-d9c5091\"   >PUBLICA\u00c7\u00c3O     <\/th><th class=\"elementor-inline-editing elementor-repeater-item-26a3dd8\"   >ACESSO<\/th>\t\t\t\t<\/tr>\n\t\t\t<\/thead>\n\t\t\t\t\t\t<tbody class=\"tafe-table-body\">\n\t\t\t\t<tr>\n\t\t\t\t\t<\/tr><tr><td data-label=\"C\u00d3DIGO\"   class=\"elementor-repeater-item-d40949d td-content-type-default\" >01<\/td><td data-label=\"T\u00cdTULO DO TRABALHO\"   class=\"elementor-repeater-item-82094eb td-content-type-default\" >Uso da vitamina D no tratamento do l\u00fapus eritematoso sist\u00eamico<\/td><td data-label=\"PUBLICA\u00c7\u00c3O\"   class=\"elementor-repeater-item-5821b80 td-content-type-default\" >14\/07\/2019<\/td><td data-label=\"ACESSO\"   class=\"elementor-repeater-item-ad7369b td-content-type-default\" ><a href=\"https:\/\/www.famep.com.br\/site\/repositorio\/producao-cientifica\/graduacao\/enfermagem\/99-uso-da-vitamina-d-no-tratamento-do-lupus-eritematoso-sistemico.pdf\" target=\"_blank\">ACESSAR<\/a><\/td><\/tr><tr><td data-label=\"C\u00d3DIGO\"   class=\"elementor-repeater-item-cfe4963 td-content-type-default\" >02<\/td><td data-label=\"T\u00cdTULO DO TRABALHO\"   class=\"elementor-repeater-item-b760420 td-content-type-default\" >Urg\u00eancia e emerg\u00eancia na aten\u00e7\u00e3o prim\u00e1ria<\/td><td data-label=\"PUBLICA\u00c7\u00c3O\"   class=\"elementor-repeater-item-fb13c10 td-content-type-default\" >14\/07\/2019<\/td><td data-label=\"ACESSO\"   class=\"elementor-repeater-item-a2b27fc td-content-type-default\" ><a href=\"https:\/\/www.famep.com.br\/site\/repositorio\/producao-cientifica\/graduacao\/enfermagem\/100-urgencia-e-emergencia-na-atencao-primaria.pdf\" target=\"_blank\">ACESSAR<\/a><\/td><\/tr><tr><td data-label=\"C\u00d3DIGO\"   class=\"elementor-repeater-item-56cbc33 td-content-type-default\" >03<\/td><td data-label=\"T\u00cdTULO DO TRABALHO\"   class=\"elementor-repeater-item-ade01e9 td-content-type-default\" >Riscos e benef\u00edcios do uso da terapia por press\u00e3o negativa no tratamento de les\u00f5es por press\u00e3o uma revis\u00e3o sistem\u00e1tica<\/td><td data-label=\"PUBLICA\u00c7\u00c3O\"   class=\"elementor-repeater-item-a103591 td-content-type-default\" >14\/07\/2019<\/td><td data-label=\"ACESSO\"   class=\"elementor-repeater-item-1c6e3c3 td-content-type-default\" ><a href=\"https:\/\/www.famep.com.br\/site\/repositorio\/producao-cientifica\/graduacao\/enfermagem\/101-riscos-e-beneficios-do-uso-da-terapia-por-pressao-negativa-no-tratamento-de-lesoes-por-pressao---uma-revisao-sistematica.pdf\" target=\"_blank\">ACESSAR<\/a><\/td><\/tr><tr><td data-label=\"C\u00d3DIGO\"   class=\"elementor-repeater-item-406aa7e td-content-type-default\" >04<\/td><td data-label=\"T\u00cdTULO DO TRABALHO\"   class=\"elementor-repeater-item-689d4c0 td-content-type-default\" >Estrat\u00e9gias da enfermagem para reduzir a recusa familiar a doa\u00e7\u00e3o de \u00f3rg\u00e3os uma revis\u00e3o bibliogr\u00e1fica<\/td><td data-label=\"PUBLICA\u00c7\u00c3O\"   class=\"elementor-repeater-item-d9d0f55 td-content-type-default\" >14\/07\/2019<\/td><td data-label=\"ACESSO\"   class=\"elementor-repeater-item-3e7afb0 td-content-type-default\" ><a href=\"https:\/\/www.famep.com.br\/site\/repositorio\/producao-cientifica\/graduacao\/enfermagem\/102-estrategias-da-enfermagem-para-reduzir-a-recusa-familiar-a-doacao-de-orgaos---uma-revisao-bibliografica.pdf\" target=\"_blank\">ACESSAR<\/a><\/td><\/tr><tr><td data-label=\"C\u00d3DIGO\"   class=\"elementor-repeater-item-b2265b2 td-content-type-default\" >05<\/td><td data-label=\"T\u00cdTULO DO TRABALHO\"   class=\"elementor-repeater-item-c6b8540 td-content-type-default\" >Estudo liter\u00e1rio sobre cuidados de enfermagem na urg\u00eancia e emerg\u00eancia com gestantes em descolamento prematuro de placenta<\/td><td data-label=\"PUBLICA\u00c7\u00c3O\"   class=\"elementor-repeater-item-e2a9bae td-content-type-default\" >14\/07\/2019<\/td><td data-label=\"ACESSO\"   class=\"elementor-repeater-item-ada2d91 td-content-type-default\" ><a href=\"https:\/\/www.famep.com.br\/site\/repositorio\/producao-cientifica\/graduacao\/enfermagem\/13-Estudo-liter\u00e1rio-acerca-dos-cuidados-de-enfermagem-na-urgencia-e-emergencia-com-gestantes-em-descolamento-prematuro-de-placenta.pdf\" target=\"_blank\">ACESSAR<\/a><\/td><\/tr><tr><td data-label=\"C\u00d3DIGO\"   class=\"elementor-repeater-item-5957cb8 td-content-type-default\" >06<\/td><td data-label=\"T\u00cdTULO DO TRABALHO\"   class=\"elementor-repeater-item-229a72f td-content-type-default\" >Depress\u00e3o na gesta\u00e7\u00e3o, fatores de risco e a\u00e7\u00f5es do enfermeiro<\/td><td data-label=\"PUBLICA\u00c7\u00c3O\"   class=\"elementor-repeater-item-b25ea51 td-content-type-default\" >14\/07\/2019<\/td><td data-label=\"ACESSO\"   class=\"elementor-repeater-item-98672e1 td-content-type-default\" ><a href=\"https:\/\/www.famep.com.br\/site\/repositorio\/producao-cientifica\/graduacao\/enfermagem\/4-depressao-na-gestacao-fatores-de-risco-e-acoes-do-enfermeiro.pdf\" target=\"_blank\">ACESSAR<\/a><\/td><\/tr><tr><td data-label=\"C\u00d3DIGO\"   class=\"elementor-repeater-item-e96999e td-content-type-default\" >07<\/td><td data-label=\"T\u00cdTULO DO TRABALHO\"   class=\"elementor-repeater-item-0cb9924 td-content-type-default\" >Cuidados do enfermeiro nos choques da quimioterapia em mulheres com c\u00e2ncer de mama<\/td><td data-label=\"PUBLICA\u00c7\u00c3O\"   class=\"elementor-repeater-item-4a502fa td-content-type-default\" >14\/07\/2019<\/td><td data-label=\"ACESSO\"   class=\"elementor-repeater-item-dfacb1d td-content-type-default\" ><a href=\"https:\/\/www.famep.com.br\/site\/repositorio\/producao-cientifica\/graduacao\/enfermagem\/49-nivel-de-conhecimento-dos-trabalhadores-de-uma-empresa-de-plano-de-saude-em-teresina-sobre-prevencao-de-acidentes-e-doencas-laborais.pdf\" target=\"_blank\">ACESSAR<\/a><\/td><\/tr><tr><td data-label=\"C\u00d3DIGO\"   class=\"elementor-repeater-item-678c95c td-content-type-default\" >08<\/td><td data-label=\"T\u00cdTULO DO TRABALHO\"   class=\"elementor-repeater-item-f895135 td-content-type-default\" >N\u00edvel de conhecimento dos trabalhadores de uma empresa de plano de sa\u00fade em Teresina sobre preven\u00e7\u00e3o de acidentes e doen\u00e7as laborais<\/td><td data-label=\"PUBLICA\u00c7\u00c3O\"   class=\"elementor-repeater-item-7ca0fd7 td-content-type-default\" >14\/07\/2019<\/td><td data-label=\"ACESSO\"   class=\"elementor-repeater-item-8a7e779 td-content-type-default\" ><a href=\"https:\/\/www.famep.com.br\/site\/repositorio\/producao-cientifica\/graduacao\/enfermagem\/56-os-beneficios-da-ozonioterapia-no-tratamento-de-afeccoes-dermatologicas.pdf\" target=\"_blank\">ACESSAR<\/a><\/td><\/tr><tr><td data-label=\"C\u00d3DIGO\"   class=\"elementor-repeater-item-2efdcb3 td-content-type-default\" >09<\/td><td data-label=\"T\u00cdTULO DO TRABALHO\"   class=\"elementor-repeater-item-e8cc83c td-content-type-default\" >\tOs benef\u00edcios da ozonioterapia no tratamento de doen\u00e7as dermatol\u00f3gicas<\/td><td data-label=\"PUBLICA\u00c7\u00c3O\"   class=\"elementor-repeater-item-1efe79b td-content-type-default\" >14\/07\/2019<\/td><td data-label=\"ACESSO\"   class=\"elementor-repeater-item-2d3cd4f td-content-type-default\" ><a href=\"https:\/\/www.famep.com.br\/site\/repositorio\/producao-cientifica\/graduacao\/enfermagem\/56-os-beneficios-da-ozonioterapia-no-tratamento-de-afeccoes-dermatologicas.pdf\" target=\"_blank\">ACESSAR<\/a><\/td><\/tr><tr><td data-label=\"C\u00d3DIGO\"   class=\"elementor-repeater-item-45b0032 td-content-type-default\" >10<\/td><td data-label=\"T\u00cdTULO DO TRABALHO\"   class=\"elementor-repeater-item-6c9bc71 td-content-type-default\" >Principais dispositivos utilizados para hemorragias cont\u00eam nos primeiros socorros<\/td><td data-label=\"PUBLICA\u00c7\u00c3O\"   class=\"elementor-repeater-item-b431b3a td-content-type-default\" >14\/07\/2019<\/td><td data-label=\"ACESSO\"   class=\"elementor-repeater-item-67b6298 td-content-type-default\" ><a href=\"https:\/\/www.famep.com.br\/site\/repositorio\/producao-cientifica\/graduacao\/enfermagem\/57-principais-dispositivos-utilizados-para-conter-hemorragias-nos-primeiros-socorros.pdf\" target=\"_blank\">ACESSAR<\/a><\/td><\/tr><tr><td data-label=\"C\u00d3DIGO\"   class=\"elementor-repeater-item-51f1071 td-content-type-default\" >11<\/td><td data-label=\"T\u00cdTULO DO TRABALHO\"   class=\"elementor-repeater-item-3767253 td-content-type-default\" >Cuidados de enfermagem intra-hospitalares ao idoso com acidente vascular encef\u00e1lico<\/td><td data-label=\"PUBLICA\u00c7\u00c3O\"   class=\"elementor-repeater-item-e810451 td-content-type-default\" >14\/07\/2019<\/td><td data-label=\"ACESSO\"   class=\"elementor-repeater-item-c837770 td-content-type-default\" ><a href=\"https:\/\/www.famep.com.br\/site\/repositorio\/producao-cientifica\/graduacao\/enfermagem\/58-cuidados-de-enfermagem-intra-hospitalar-ao-idoso-com-acidente-vascular-encefalico.pdf\" target=\"_blank\">ACESSAR<\/a><\/td><\/tr><tr><td data-label=\"C\u00d3DIGO\"   class=\"elementor-repeater-item-4714e18 td-content-type-default\" >12<\/td><td data-label=\"T\u00cdTULO DO TRABALHO\"   class=\"elementor-repeater-item-252fcb1 td-content-type-default\" >\tA gravidez na adolesc\u00eancia e a evas\u00e3o escolar uma revis\u00e3o bibliogr\u00e1fica<\/td><td data-label=\"PUBLICA\u00c7\u00c3O\"   class=\"elementor-repeater-item-a66ce22 td-content-type-default\" >14\/07\/2019<\/td><td data-label=\"ACESSO\"   class=\"elementor-repeater-item-93f90c7 td-content-type-default\" ><a href=\"https:\/\/www.famep.com.br\/site\/repositorio\/producao-cientifica\/graduacao\/enfermagem\/59-a-gravidez-na-adolescencia-e-a-evasao-escolar---uma-revisao-bibliografica.pdf\" target=\"_blank\">ACESSAR<\/a><\/td><\/tr><tr><td data-label=\"C\u00d3DIGO\"   class=\"elementor-repeater-item-0c35d11 td-content-type-default\" >13<\/td><td data-label=\"T\u00cdTULO DO TRABALHO\"   class=\"elementor-repeater-item-b9c890d td-content-type-default\" >Episiotomia e episiorrafia e suas complica\u00e7\u00f5es uma revis\u00e3o uma revis\u00e3o bibliogr\u00e1fica<\/td><td data-label=\"PUBLICA\u00c7\u00c3O\"   class=\"elementor-repeater-item-39b2070 td-content-type-default\" >14\/07\/2019<\/td><td data-label=\"ACESSO\"   class=\"elementor-repeater-item-1b35328 td-content-type-default\" ><a href=\"https:\/\/www.famep.com.br\/site\/repositorio\/producao-cientifica\/graduacao\/enfermagem\/6-episiotomia-e-episiorrafia-e-suas-complicacoes-uma-revisao---uma-revisaobibliografica.pdf\" target=\"_blank\">ACESSAR<\/a><\/td><\/tr><tr><td data-label=\"C\u00d3DIGO\"   class=\"elementor-repeater-item-e85bb79 td-content-type-default\" >14<\/td><td data-label=\"T\u00cdTULO DO TRABALHO\"   class=\"elementor-repeater-item-57c180d td-content-type-default\" >Dificuldade nutricional do paciente idoso na aten\u00e7\u00e3o b\u00e1sica<\/td><td data-label=\"PUBLICA\u00c7\u00c3O\"   class=\"elementor-repeater-item-7421d92 td-content-type-default\" >14\/07\/2019<\/td><td data-label=\"ACESSO\"   class=\"elementor-repeater-item-4a519b8 td-content-type-default\" ><a href=\"https:\/\/www.famep.com.br\/site\/repositorio\/producao-cientifica\/graduacao\/enfermagem\/60-dificuldade-nutricional-do-paciente-idoso-na-atencao-basica.pdf\" target=\"_blank\">ACESSAR<\/a><\/td><\/tr><tr><td data-label=\"C\u00d3DIGO\"   class=\"elementor-repeater-item-4aaf4cd td-content-type-default\" >15<\/td><td data-label=\"T\u00cdTULO DO TRABALHO\"   class=\"elementor-repeater-item-ad1867c td-content-type-default\" >Cuidados de enfermagem para reduzir a incid\u00eancia de s\u00edfilis materna e cong\u00eanita<\/td><td data-label=\"PUBLICA\u00c7\u00c3O\"   class=\"elementor-repeater-item-8c91219 td-content-type-default\" >14\/07\/2019<\/td><td data-label=\"ACESSO\"   class=\"elementor-repeater-item-29bedef td-content-type-default\" ><a href=\"https:\/\/www.famep.com.br\/site\/repositorio\/producao-cientifica\/graduacao\/enfermagem\/61-cuidados-de-enfermagem-para-reduzir-a-incidencia-de-sifilis-materna-e-congenita.pdf\" target=\"_blank\">ACESSAR<\/a><\/td><\/tr><tr><td data-label=\"C\u00d3DIGO\"   class=\"elementor-repeater-item-c32d652 td-content-type-default\" >16<\/td><td data-label=\"T\u00cdTULO DO TRABALHO\"   class=\"elementor-repeater-item-8476da7 td-content-type-default\" >Principais complica\u00e7\u00f5es de um atraso pr\u00e9-natal<\/td><td data-label=\"PUBLICA\u00c7\u00c3O\"   class=\"elementor-repeater-item-d68219a td-content-type-default\" >14\/07\/2019<\/td><td data-label=\"ACESSO\"   class=\"elementor-repeater-item-c7b8b34 td-content-type-default\" ><a href=\"https:\/\/www.famep.com.br\/site\/repositorio\/producao-cientifica\/graduacao\/enfermagem\/84-principais-complicacoes-de-um-pre-natal-tardio.pdf\" target=\"_blank\">ACESSAR<\/a><\/td><\/tr><tr><td data-label=\"C\u00d3DIGO\"   class=\"elementor-repeater-item-6fb4f02 td-content-type-default\" >17<\/td><td data-label=\"T\u00cdTULO DO TRABALHO\"   class=\"elementor-repeater-item-68ff311 td-content-type-default\" >Avalia\u00e7\u00e3o e interven\u00e7\u00e3o em um estudo de caso de esquizofrenia<\/td><td data-label=\"PUBLICA\u00c7\u00c3O\"   class=\"elementor-repeater-item-116e82e td-content-type-default\" >14\/07\/2019<\/td><td data-label=\"ACESSO\"   class=\"elementor-repeater-item-aa57f68 td-content-type-default\" ><a href=\"https:\/\/www.famep.com.br\/site\/repositorio\/producao-cientifica\/graduacao\/enfermagem\/87-avaliacao-e-intervencao-em-um-estudo-de-caso-de-esquizofrenia.pdf\" target=\"_blank\">ACESSAR<\/a><\/td><\/tr><tr><td data-label=\"C\u00d3DIGO\"   class=\"elementor-repeater-item-f495193 td-content-type-default\" >18<\/td><td data-label=\"T\u00cdTULO DO TRABALHO\"   class=\"elementor-repeater-item-91cb607 td-content-type-default\" >As dificuldades da enfermagem n\u00e3o controladas pela escala de Braden<\/td><td data-label=\"PUBLICA\u00c7\u00c3O\"   class=\"elementor-repeater-item-f81c860 td-content-type-default\" >14\/07\/2019<\/td><td data-label=\"ACESSO\"   class=\"elementor-repeater-item-cea6a14 td-content-type-default\" ><a href=\"https:\/\/www.famep.com.br\/site\/repositorio\/producao-cientifica\/graduacao\/enfermagem\/91-as-dificuldades-da-enfermagem-no-manuseio-da-escala-de-braden.pdf\" target=\"_blank\">ACESSAR<\/a><\/td><\/tr><tr><td data-label=\"C\u00d3DIGO\"   class=\"elementor-repeater-item-54c6a51 td-content-type-default\" >19<\/td><td data-label=\"T\u00cdTULO DO TRABALHO\"   class=\"elementor-repeater-item-a96640d td-content-type-default\" >Enfermagem na promo\u00e7\u00e3o da seguran\u00e7a do paciente e preven\u00e7\u00e3o de erros de medica\u00e7\u00e3o<\/td><td data-label=\"PUBLICA\u00c7\u00c3O\"   class=\"elementor-repeater-item-7498016 td-content-type-default\" >14\/07\/2019<\/td><td data-label=\"ACESSO\"   class=\"elementor-repeater-item-3b1b2eb td-content-type-default\" ><a href=\"https:\/\/www.famep.com.br\/site\/repositorio\/producao-cientifica\/graduacao\/enfermagem\/92-a-enfermagem-na-promocao-da-seguranca-do-paciente-e-a-prevencao-dos-erros-de-medicacao.pdf\" target=\"_blank\">ACESSAR<\/a><\/td><\/tr><tr><td data-label=\"C\u00d3DIGO\"   class=\"elementor-repeater-item-b67d230 td-content-type-default\" >20<\/td><td data-label=\"T\u00cdTULO DO TRABALHO\"   class=\"elementor-repeater-item-7169d92 td-content-type-default\" >Artroplastia total do joelho no idoso assist\u00eancia de enfermagem<\/td><td data-label=\"PUBLICA\u00c7\u00c3O\"   class=\"elementor-repeater-item-46b1783 td-content-type-default\" >14\/07\/2019<\/td><td data-label=\"ACESSO\"   class=\"elementor-repeater-item-153683c td-content-type-default\" ><a href=\"https:\/\/www.famep.com.br\/site\/repositorio\/producao-cientifica\/graduacao\/enfermagem\/93-artroplastia-total-do-joelho-no-idoso---assistencia-de-enfermagem.pdf\" target=\"_blank\">ACESSAR<\/a><\/td><\/tr><tr><td data-label=\"C\u00d3DIGO\"   class=\"elementor-repeater-item-3724fdd td-content-type-default\" >21<\/td><td data-label=\"T\u00cdTULO DO TRABALHO\"   class=\"elementor-repeater-item-d43f6b1 td-content-type-default\" >C\u00e2ncer infantil espiritualidade e religiosidade da fam\u00edlia diante da doen\u00e7a<\/td><td data-label=\"PUBLICA\u00c7\u00c3O\"   class=\"elementor-repeater-item-61a20d0 td-content-type-default\" >14\/07\/2019<\/td><td data-label=\"ACESSO\"   class=\"elementor-repeater-item-67810c9 td-content-type-default\" ><a href=\"https:\/\/www.famep.com.br\/site\/repositorio\/producao-cientifica\/graduacao\/enfermagem\/95-cancer-infantil--espiritualidade-e-religiosidade-da-familia-diante-da-doenca.pdf\" target=\"_blank\">ACESSAR<\/a><\/td>\t\t\t\t<\/tr>\n\t\t\t<\/tbody>\n\t\t<\/table>\n\t\t\n\t\t\t\t<\/div>\n\t\t\t\t<\/div>\n\t\t\t\t\t<\/div>\n\t\t\t\t<\/div>\n\t\t\t\t<\/div>\n\t\t","protected":false},"excerpt":{"rendered":"<p>TRABALHOS ENFERMAGEM C\u00d3DIGO T\u00cdTULO DO TRABALHO PUBLICA\u00c7\u00c3O ACESSO 01 Uso da vitamina D no tratamento do l\u00fapus eritematoso sist\u00eamico 14\/07\/2019 ACESSAR 02 Urg\u00eancia e emerg\u00eancia na aten\u00e7\u00e3o prim\u00e1ria 14\/07\/2019 ACESSAR 03 Riscos e benef\u00edcios do uso da terapia por press\u00e3o negativa no tratamento de les\u00f5es por press\u00e3o uma revis\u00e3o sistem\u00e1tica 14\/07\/2019 ACESSAR 04 Estrat\u00e9gias da [&hellip;]<\/p>\n","protected":false},"author":1,"featured_media":0,"parent":1969,"menu_order":0,"comment_status":"closed","ping_status":"closed","template":"elementor_header_footer","meta":{"footnotes":""},"class_list":["post-2044","page","type-page","status-publish","hentry"],"_links":{"self":[{"href":"https:\/\/famep.com.br\/site\/wp-json\/wp\/v2\/pages\/2044","targetHints":{"allow":["GET"]}}],"collection":[{"href":"https:\/\/famep.com.br\/site\/wp-json\/wp\/v2\/pages"}],"about":[{"href":"https:\/\/famep.com.br\/site\/wp-json\/wp\/v2\/types\/page"}],"author":[{"embeddable":true,"href":"https:\/\/famep.com.br\/site\/wp-json\/wp\/v2\/users\/1"}],"replies":[{"embeddable":true,"href":"https:\/\/famep.com.br\/site\/wp-json\/wp\/v2\/comments?post=2044"}],"version-history":[{"count":85,"href":"https:\/\/famep.com.br\/site\/wp-json\/wp\/v2\/pages\/2044\/revisions"}],"predecessor-version":[{"id":2213,"href":"https:\/\/famep.com.br\/site\/wp-json\/wp\/v2\/pages\/2044\/revisions\/2213"}],"up":[{"embeddable":true,"href":"https:\/\/famep.com.br\/site\/wp-json\/wp\/v2\/pages\/1969"}],"wp:attachment":[{"href":"https:\/\/famep.com.br\/site\/wp-json\/wp\/v2\/media?parent=2044"}],"curies":[{"name":"wp","href":"https:\/\/api.w.org\/{rel}","templated":true}]}}