{"id":2208,"date":"2024-09-11T20:23:40","date_gmt":"2024-09-11T23:23:40","guid":{"rendered":"https:\/\/famep.com.br\/site\/?page_id=2208"},"modified":"2024-09-11T20:34:29","modified_gmt":"2024-09-11T23:34:29","slug":"servico-social","status":"publish","type":"page","link":"https:\/\/famep.com.br\/site\/producao-cientifica\/servico-social\/","title":{"rendered":"Trabalhos Servi\u00e7o Social"},"content":{"rendered":"\t\t<div data-elementor-type=\"wp-page\" data-elementor-id=\"2208\" class=\"elementor elementor-2208\" data-elementor-post-type=\"page\">\n\t\t\t\t<div class=\"elementor-element elementor-element-ca64724 e-flex e-con-boxed e-con e-parent\" data-id=\"ca64724\" data-element_type=\"container\" data-settings=\"{&quot;background_background&quot;:&quot;slideshow&quot;,&quot;background_slideshow_gallery&quot;:[{&quot;id&quot;:1015,&quot;url&quot;:&quot;https:\\\/\\\/famep.com.br\\\/site\\\/wp-content\\\/uploads\\\/2024\\\/07\\\/backgroud-topo.jpg&quot;}],&quot;background_slideshow_loop&quot;:&quot;yes&quot;,&quot;background_slideshow_slide_duration&quot;:5000,&quot;background_slideshow_slide_transition&quot;:&quot;fade&quot;,&quot;background_slideshow_transition_duration&quot;:500}\">\n\t\t\t\t\t<div class=\"e-con-inner\">\n\t\t\t\t<div class=\"elementor-element elementor-element-a07f6cd elementor-headline--style-highlight elementor-widget elementor-widget-animated-headline\" data-id=\"a07f6cd\" data-element_type=\"widget\" data-settings=\"{&quot;highlighted_text&quot;:&quot;SERVI\\u00c7O SOCIAL&quot;,&quot;headline_style&quot;:&quot;highlight&quot;,&quot;marker&quot;:&quot;circle&quot;,&quot;loop&quot;:&quot;yes&quot;,&quot;highlight_animation_duration&quot;:1200,&quot;highlight_iteration_delay&quot;:8000}\" data-widget_type=\"animated-headline.default\">\n\t\t\t\t<div class=\"elementor-widget-container\">\n\t\t\t\t\t<h3 class=\"elementor-headline\">\n\t\t\t\t\t<span class=\"elementor-headline-plain-text elementor-headline-text-wrapper\">TRABALHOS <br><\/span>\n\t\t\t\t<span class=\"elementor-headline-dynamic-wrapper elementor-headline-text-wrapper\">\n\t\t\t\t\t<span class=\"elementor-headline-dynamic-text elementor-headline-text-active\">SERVI\u00c7O SOCIAL<\/span>\n\t\t\t\t<\/span>\n\t\t\t\t<\/h3>\n\t\t\t\t<\/div>\n\t\t\t\t<\/div>\n\t\t\t\t\t<\/div>\n\t\t\t\t<\/div>\n\t\t<div class=\"elementor-element elementor-element-2d740e8 e-flex e-con-boxed e-con e-parent\" data-id=\"2d740e8\" data-element_type=\"container\">\n\t\t\t\t\t<div class=\"e-con-inner\">\n\t\t\t\t<div class=\"elementor-element elementor-element-ec7c271 elementor-widget elementor-widget-Table\" data-id=\"ec7c271\" data-element_type=\"widget\" data-widget_type=\"Table.default\">\n\t\t\t\t<div class=\"elementor-widget-container\">\n\t\t\t\t\t<table class=\"tafe-table \">\n\t\t\t<thead  class=\"tafe-table-header\">\n\t\t\t\t<tr>\n\t\t\t\t\t<th class=\"elementor-inline-editing elementor-repeater-item-3115212\"   >C\u00d3DIGO<\/th><th class=\"elementor-inline-editing elementor-repeater-item-0f7b23a\"   >T\u00cdTULO DO TRABALHO<\/th><th class=\"elementor-inline-editing elementor-repeater-item-d9c5091\"   >PUBLICA\u00c7\u00c3O     <\/th><th class=\"elementor-inline-editing elementor-repeater-item-26a3dd8\"   >ACESSO<\/th>\t\t\t\t<\/tr>\n\t\t\t<\/thead>\n\t\t\t\t\t\t<tbody class=\"tafe-table-body\">\n\t\t\t\t<tr>\n\t\t\t\t\t<\/tr><tr><td data-label=\"C\u00d3DIGO\"   class=\"elementor-repeater-item-d40949d td-content-type-default\" >01<\/td><td data-label=\"T\u00cdTULO DO TRABALHO\"   class=\"elementor-repeater-item-82094eb td-content-type-default\" >\tO assistente social na \u00e1rea da habita\u00e7\u00e3o um estudo na ag\u00eancia de desenvolvimento habitacional adh em teresina pi<\/td><td data-label=\"PUBLICA\u00c7\u00c3O\"   class=\"elementor-repeater-item-5821b80 td-content-type-default\" >14\/07\/2019<\/td><td data-label=\"ACESSO\"   class=\"elementor-repeater-item-ad7369b td-content-type-default\" ><a href=\"https:\/\/www.famep.com.br\/site\/repositorio\/producao-cientifica\/graduacao\/servico-social\/103-o-assistente-social-na-area-da-habitacao---um-estudo-na-agencia-de-desenvolvimento-habitacional---adh-em-teresina-pi.pdf\" target=\"_blank\">ACESSAR<\/a><\/td><\/tr><tr><td data-label=\"C\u00d3DIGO\"   class=\"elementor-repeater-item-cfe4963 td-content-type-default\" >02<\/td><td data-label=\"T\u00cdTULO DO TRABALHO\"   class=\"elementor-repeater-item-b760420 td-content-type-default\" >Sa\u00fade mental compreender o processo de tratamento do paciente com transtorno mental adquirido no caps iii sul<\/td><td data-label=\"PUBLICA\u00c7\u00c3O\"   class=\"elementor-repeater-item-fb13c10 td-content-type-default\" >14\/07\/2019<\/td><td data-label=\"ACESSO\"   class=\"elementor-repeater-item-a2b27fc td-content-type-default\" ><a href=\"https:\/\/www.famep.com.br\/site\/repositorio\/producao-cientifica\/graduacao\/servico-social\/11-saude-mental---compreendero-processo-de-tratamento-do-paciente-com-transtorno-mental-adquirido-no-caps-iii-sul.pdf\" target=\"_blank\">ACESSAR<\/a><\/td><\/tr><tr><td data-label=\"C\u00d3DIGO\"   class=\"elementor-repeater-item-56cbc33 td-content-type-default\" >03<\/td><td data-label=\"T\u00cdTULO DO TRABALHO\"   class=\"elementor-repeater-item-ade01e9 td-content-type-default\" >Orienta\u00e7\u00e3o sexual e familiar dificuldades e desafios na aceita\u00e7\u00e3o da homossexualidade de jovens no munic\u00edpio de Teresina Pi<\/td><td data-label=\"PUBLICA\u00c7\u00c3O\"   class=\"elementor-repeater-item-a103591 td-content-type-default\" >14\/07\/2019<\/td><td data-label=\"ACESSO\"   class=\"elementor-repeater-item-1c6e3c3 td-content-type-default\" ><a href=\"https:\/\/www.famep.com.br\/site\/repositorio\/producao-cientifica\/graduacao\/servico-social\/46-orientacao-sexual-e-familia---dificuldades-e-desafios-na-aceitacao-da-homossexualidade-de-jovens-no-municipio-de-teresina---pi.pdf\" target=\"_blank\">ACESSAR<\/a><\/td><\/tr><tr><td data-label=\"C\u00d3DIGO\"   class=\"elementor-repeater-item-406aa7e td-content-type-default\" >04<\/td><td data-label=\"T\u00cdTULO DO TRABALHO\"   class=\"elementor-repeater-item-689d4c0 td-content-type-default\" >Diretas e o movimento social que marcou o Brasil nos anos<\/td><td data-label=\"PUBLICA\u00c7\u00c3O\"   class=\"elementor-repeater-item-d9d0f55 td-content-type-default\" >14\/07\/2019<\/td><td data-label=\"ACESSO\"   class=\"elementor-repeater-item-3e7afb0 td-content-type-default\" ><a href=\"https:\/\/www.famep.com.br\/site\/repositorio\/producao-cientifica\/graduacao\/servico-social\/5-diretas-ja---o-movimento-social-que-marcou-o-brasil-nos-anos-80.pdf\" target=\"_blank\">ACESSAR<\/a><\/td><\/tr><tr><td data-label=\"C\u00d3DIGO\"   class=\"elementor-repeater-item-b2265b2 td-content-type-default\" >05<\/td><td data-label=\"T\u00cdTULO DO TRABALHO\"   class=\"elementor-repeater-item-c6b8540 td-content-type-default\" >Centro educacional masculino cem a aplica\u00e7\u00e3o de medida<\/td><td data-label=\"PUBLICA\u00c7\u00c3O\"   class=\"elementor-repeater-item-e2a9bae td-content-type-default\" >14\/07\/2019<\/td><td data-label=\"ACESSO\"   class=\"elementor-repeater-item-ada2d91 td-content-type-default\" ><a href=\"https:\/\/www.famep.com.br\/site\/repositorio\/producao-cientifica\/graduacao\/servico-social\/51-centro-educacional-masculino-cem---a-aplicacao-de-medida.pdf\" target=\"_blank\">ACESSAR<\/a><\/td><\/tr><tr><td data-label=\"C\u00d3DIGO\"   class=\"elementor-repeater-item-5957cb8 td-content-type-default\" >06<\/td><td data-label=\"T\u00cdTULO DO TRABALHO\"   class=\"elementor-repeater-item-229a72f td-content-type-default\" >Sa\u00fade da mulher e dsts um estudo sobre a preven\u00e7\u00e3o na pol\u00edtica de sa\u00fade no centro de sa\u00fade dr. Manoel Aires Neto<\/td><td data-label=\"PUBLICA\u00c7\u00c3O\"   class=\"elementor-repeater-item-b25ea51 td-content-type-default\" >14\/07\/2019<\/td><td data-label=\"ACESSO\"   class=\"elementor-repeater-item-98672e1 td-content-type-default\" ><a href=\"https:\/\/www.famep.com.br\/site\/repositorio\/producao-cientifica\/graduacao\/servico-social\/55-saude-da-mulher-e-dsts---um-estudo-sobre-a-prevencao-na-politica-de-saude-no-centro-de-saude-dr.-manoel-ayres-neto.pdf\" target=\"_blank\">ACESSAR<\/a><\/td><\/tr><tr><td data-label=\"C\u00d3DIGO\"   class=\"elementor-repeater-item-e96999e td-content-type-default\" >07<\/td><td data-label=\"T\u00cdTULO DO TRABALHO\"   class=\"elementor-repeater-item-0cb9924 td-content-type-default\" >Servi\u00e7o social e institucionaliza\u00e7\u00e3o do idoso um estudo realizado no lar de santana em teresina pi<\/td><td data-label=\"PUBLICA\u00c7\u00c3O\"   class=\"elementor-repeater-item-4a502fa td-content-type-default\" >14\/07\/2019<\/td><td data-label=\"ACESSO\"   class=\"elementor-repeater-item-dfacb1d td-content-type-default\" ><a href=\"https:\/\/www.famep.com.br\/site\/repositorio\/producao-cientifica\/graduacao\/servico-social\/83-servico-social-e-institucionalizacao-do-idoso---um-estudo-realizado-no-lar-de-santana,-em-teresina---pi.pdf\" target=\"_blank\">ACESSAR<\/a><\/td><\/tr><tr><td data-label=\"C\u00d3DIGO\"   class=\"elementor-repeater-item-678c95c td-content-type-default\" >08<\/td><td data-label=\"T\u00cdTULO DO TRABALHO\"   class=\"elementor-repeater-item-f895135 td-content-type-default\" >Servi\u00e7o social e sa\u00fade um estudo sobre a atua\u00e7\u00e3o do assistente social na pol\u00edtica de sa\u00fade<\/td><td data-label=\"PUBLICA\u00c7\u00c3O\"   class=\"elementor-repeater-item-7ca0fd7 td-content-type-default\" >14\/07\/2019<\/td><td data-label=\"ACESSO\"   class=\"elementor-repeater-item-8a7e779 td-content-type-default\" ><a href=\"https:\/\/www.famep.com.br\/site\/repositorio\/producao-cientifica\/graduacao\/servico-social\/88-servico-social-e-saude---um-estudo-sobre-a-atuacao-do-assistente-social-na-politica-de-saude.pdf\" target=\"_blank\">ACESSAR<\/a><\/td><\/tr><tr><td data-label=\"C\u00d3DIGO\"   class=\"elementor-repeater-item-2efdcb3 td-content-type-default\" >09<\/td><td data-label=\"T\u00cdTULO DO TRABALHO\"   class=\"elementor-repeater-item-e8cc83c td-content-type-default\" >Maternidade e pris\u00e3o uma an\u00e1lise dos direitos da mulher gestante em priva\u00e7\u00e3o de liberdade na penitenci\u00e1ria feminina em teresina pi<\/td><td data-label=\"PUBLICA\u00c7\u00c3O\"   class=\"elementor-repeater-item-1efe79b td-content-type-default\" >14\/07\/2019<\/td><td data-label=\"ACESSO\"   class=\"elementor-repeater-item-2d3cd4f td-content-type-default\" ><a href=\"https:\/\/www.famep.com.br\/site\/repositorio\/producao-cientifica\/graduacao\/servico-social\/89-maternidade-e-prisao-uma-analise-dos-direitos-da-mulher-gestante-em-privacao-de-liberdade-na-penitenciaria-feminina,-em-teresina---pi.pdf\" target=\"_blank\">ACESSAR<\/a><\/td><\/tr><tr><td data-label=\"C\u00d3DIGO\"   class=\"elementor-repeater-item-45b0032 td-content-type-default\" >10<\/td><td data-label=\"T\u00cdTULO DO TRABALHO\"   class=\"elementor-repeater-item-6c9bc71 td-content-type-default\" >Servi\u00e7o social e sa\u00fade a atua\u00e7\u00e3o do assistente social em uma unidade de sa\u00fade p\u00fablica de teresina pi<\/td><td data-label=\"PUBLICA\u00c7\u00c3O\"   class=\"elementor-repeater-item-b431b3a td-content-type-default\" >14\/07\/2019<\/td><td data-label=\"ACESSO\"   class=\"elementor-repeater-item-67b6298 td-content-type-default\" ><a href=\"https:\/\/www.famep.com.br\/site\/repositorio\/producao-cientifica\/graduacao\/servico-social\/90-servico-social-e-saude---a-atuacao-do-assistente-social-em-uma-unidade-de-saude-publica-de-teresina---pi.pdf\" target=\"_blank\">ACESSAR<\/a><\/td><\/tr><tr><td data-label=\"C\u00d3DIGO\"   class=\"elementor-repeater-item-51f1071 td-content-type-default\" >11<\/td><td data-label=\"T\u00cdTULO DO TRABALHO\"   class=\"elementor-repeater-item-3767253 td-content-type-default\" >As causas de viol\u00eancia intrafamiliar contra a pessoa idosa registrada na delegacia do idoso em Teresina pi<\/td><td data-label=\"PUBLICA\u00c7\u00c3O\"   class=\"elementor-repeater-item-e810451 td-content-type-default\" >14\/07\/2019<\/td><td data-label=\"ACESSO\"   class=\"elementor-repeater-item-c837770 td-content-type-default\" ><a href=\"https:\/\/www.famep.com.br\/site\/repositorio\/producao-cientifica\/graduacao\/servico-social\/94-as-causas-de-violencia-intrafamiliar-contra-a-pessoa-idosa-registrada-na-delegacia-do-idoso-em-teresina---pi.pdf\" target=\"_blank\">ACESSAR<\/a><\/td>\t\t\t\t<\/tr>\n\t\t\t<\/tbody>\n\t\t<\/table>\n\t\t\n\t\t\t\t<\/div>\n\t\t\t\t<\/div>\n\t\t\t\t\t<\/div>\n\t\t\t\t<\/div>\n\t\t\t\t<\/div>\n\t\t","protected":false},"excerpt":{"rendered":"<p>TRABALHOS SERVI\u00c7O SOCIAL C\u00d3DIGO T\u00cdTULO DO TRABALHO PUBLICA\u00c7\u00c3O ACESSO 01 O assistente social na \u00e1rea da habita\u00e7\u00e3o um estudo na ag\u00eancia de desenvolvimento habitacional adh em teresina pi 14\/07\/2019 ACESSAR 02 Sa\u00fade mental compreender o processo de tratamento do paciente com transtorno mental adquirido no caps iii sul 14\/07\/2019 ACESSAR 03 Orienta\u00e7\u00e3o sexual e familiar [&hellip;]<\/p>\n","protected":false},"author":1,"featured_media":0,"parent":1969,"menu_order":0,"comment_status":"closed","ping_status":"closed","template":"elementor_header_footer","meta":{"footnotes":""},"class_list":["post-2208","page","type-page","status-publish","hentry"],"_links":{"self":[{"href":"https:\/\/famep.com.br\/site\/wp-json\/wp\/v2\/pages\/2208","targetHints":{"allow":["GET"]}}],"collection":[{"href":"https:\/\/famep.com.br\/site\/wp-json\/wp\/v2\/pages"}],"about":[{"href":"https:\/\/famep.com.br\/site\/wp-json\/wp\/v2\/types\/page"}],"author":[{"embeddable":true,"href":"https:\/\/famep.com.br\/site\/wp-json\/wp\/v2\/users\/1"}],"replies":[{"embeddable":true,"href":"https:\/\/famep.com.br\/site\/wp-json\/wp\/v2\/comments?post=2208"}],"version-history":[{"count":13,"href":"https:\/\/famep.com.br\/site\/wp-json\/wp\/v2\/pages\/2208\/revisions"}],"predecessor-version":[{"id":2228,"href":"https:\/\/famep.com.br\/site\/wp-json\/wp\/v2\/pages\/2208\/revisions\/2228"}],"up":[{"embeddable":true,"href":"https:\/\/famep.com.br\/site\/wp-json\/wp\/v2\/pages\/1969"}],"wp:attachment":[{"href":"https:\/\/famep.com.br\/site\/wp-json\/wp\/v2\/media?parent=2208"}],"curies":[{"name":"wp","href":"https:\/\/api.w.org\/{rel}","templated":true}]}}