{"id":2271,"date":"2024-09-16T20:07:38","date_gmt":"2024-09-16T23:07:38","guid":{"rendered":"https:\/\/famep.com.br\/site\/?page_id=2271"},"modified":"2024-09-16T20:09:40","modified_gmt":"2024-09-16T23:09:40","slug":"ciencias-contabeis","status":"publish","type":"page","link":"https:\/\/famep.com.br\/site\/producao-cientifica\/ciencias-contabeis\/","title":{"rendered":"Trabalhos Ci\u00eancias Cont\u00e1beis"},"content":{"rendered":"\t\t<div data-elementor-type=\"wp-page\" data-elementor-id=\"2271\" class=\"elementor elementor-2271\" data-elementor-post-type=\"page\">\n\t\t\t\t<div class=\"elementor-element elementor-element-ca64724 e-flex e-con-boxed e-con e-parent\" data-id=\"ca64724\" data-element_type=\"container\" data-settings=\"{&quot;background_background&quot;:&quot;slideshow&quot;,&quot;background_slideshow_gallery&quot;:[{&quot;id&quot;:1015,&quot;url&quot;:&quot;https:\\\/\\\/famep.com.br\\\/site\\\/wp-content\\\/uploads\\\/2024\\\/07\\\/backgroud-topo.jpg&quot;}],&quot;background_slideshow_loop&quot;:&quot;yes&quot;,&quot;background_slideshow_slide_duration&quot;:5000,&quot;background_slideshow_slide_transition&quot;:&quot;fade&quot;,&quot;background_slideshow_transition_duration&quot;:500}\">\n\t\t\t\t\t<div class=\"e-con-inner\">\n\t\t\t\t<div class=\"elementor-element elementor-element-a07f6cd elementor-headline--style-highlight elementor-widget elementor-widget-animated-headline\" data-id=\"a07f6cd\" data-element_type=\"widget\" data-settings=\"{&quot;highlighted_text&quot;:&quot;CI\\u00caNCIAS CONT\\u00c1BEIS&quot;,&quot;headline_style&quot;:&quot;highlight&quot;,&quot;marker&quot;:&quot;circle&quot;,&quot;loop&quot;:&quot;yes&quot;,&quot;highlight_animation_duration&quot;:1200,&quot;highlight_iteration_delay&quot;:8000}\" data-widget_type=\"animated-headline.default\">\n\t\t\t\t<div class=\"elementor-widget-container\">\n\t\t\t\t\t<h3 class=\"elementor-headline\">\n\t\t\t\t\t<span class=\"elementor-headline-plain-text elementor-headline-text-wrapper\">TRABALHOS<br><\/span>\n\t\t\t\t<span class=\"elementor-headline-dynamic-wrapper elementor-headline-text-wrapper\">\n\t\t\t\t\t<span class=\"elementor-headline-dynamic-text elementor-headline-text-active\">CI\u00caNCIAS CONT\u00c1BEIS<\/span>\n\t\t\t\t<\/span>\n\t\t\t\t<\/h3>\n\t\t\t\t<\/div>\n\t\t\t\t<\/div>\n\t\t\t\t\t<\/div>\n\t\t\t\t<\/div>\n\t\t<div class=\"elementor-element elementor-element-2d740e8 e-flex e-con-boxed e-con e-parent\" data-id=\"2d740e8\" data-element_type=\"container\">\n\t\t\t\t\t<div class=\"e-con-inner\">\n\t\t\t\t<div class=\"elementor-element elementor-element-ec7c271 elementor-widget elementor-widget-Table\" data-id=\"ec7c271\" data-element_type=\"widget\" data-widget_type=\"Table.default\">\n\t\t\t\t<div class=\"elementor-widget-container\">\n\t\t\t\t\t<table class=\"tafe-table \">\n\t\t\t<thead  class=\"tafe-table-header\">\n\t\t\t\t<tr>\n\t\t\t\t\t<th class=\"elementor-inline-editing elementor-repeater-item-3115212\"   >C\u00d3DIGO<\/th><th class=\"elementor-inline-editing elementor-repeater-item-0f7b23a\"   >T\u00cdTULO DO TRABALHO<\/th><th class=\"elementor-inline-editing elementor-repeater-item-d9c5091\"   >PUBLICA\u00c7\u00c3O     <\/th><th class=\"elementor-inline-editing elementor-repeater-item-26a3dd8\"   >ACESSO<\/th>\t\t\t\t<\/tr>\n\t\t\t<\/thead>\n\t\t\t\t\t\t<tbody class=\"tafe-table-body\">\n\t\t\t\t<tr>\n\t\t\t\t\t<\/tr><tr><td data-label=\"C\u00d3DIGO\"   class=\"elementor-repeater-item-d40949d td-content-type-default\" >01<\/td><td data-label=\"T\u00cdTULO DO TRABALHO\"   class=\"elementor-repeater-item-82094eb td-content-type-default\" >C\u00e1lculo de Rescis\u00e3o de Contrato de Trabalho<\/td><td data-label=\"PUBLICA\u00c7\u00c3O\"   class=\"elementor-repeater-item-5821b80 td-content-type-default\" >14\/07\/2019<\/td><td data-label=\"ACESSO\"   class=\"elementor-repeater-item-ad7369b td-content-type-default\" ><a href=\"https:\/\/www.famep.com.br\/site\/repositorio\/producao-cientifica\/graduacao\/ciencias-contabeis\/12-calculo-de-rescisao-de-contrato-de-trabalho.pdf\" target=\"_blank\">ACESSAR<\/a><\/td>\t\t\t\t<\/tr>\n\t\t\t<\/tbody>\n\t\t<\/table>\n\t\t\n\t\t\t\t<\/div>\n\t\t\t\t<\/div>\n\t\t\t\t\t<\/div>\n\t\t\t\t<\/div>\n\t\t\t\t<\/div>\n\t\t","protected":false},"excerpt":{"rendered":"<p>TRABALHOS CI\u00caNCIAS CONT\u00c1BEIS C\u00d3DIGO T\u00cdTULO DO TRABALHO PUBLICA\u00c7\u00c3O ACESSO 01 C\u00e1lculo de Rescis\u00e3o de Contrato de Trabalho 14\/07\/2019 ACESSAR<\/p>\n","protected":false},"author":1,"featured_media":0,"parent":1969,"menu_order":0,"comment_status":"closed","ping_status":"closed","template":"elementor_header_footer","meta":{"footnotes":""},"class_list":["post-2271","page","type-page","status-publish","hentry"],"_links":{"self":[{"href":"https:\/\/famep.com.br\/site\/wp-json\/wp\/v2\/pages\/2271","targetHints":{"allow":["GET"]}}],"collection":[{"href":"https:\/\/famep.com.br\/site\/wp-json\/wp\/v2\/pages"}],"about":[{"href":"https:\/\/famep.com.br\/site\/wp-json\/wp\/v2\/types\/page"}],"author":[{"embeddable":true,"href":"https:\/\/famep.com.br\/site\/wp-json\/wp\/v2\/users\/1"}],"replies":[{"embeddable":true,"href":"https:\/\/famep.com.br\/site\/wp-json\/wp\/v2\/comments?post=2271"}],"version-history":[{"count":4,"href":"https:\/\/famep.com.br\/site\/wp-json\/wp\/v2\/pages\/2271\/revisions"}],"predecessor-version":[{"id":2275,"href":"https:\/\/famep.com.br\/site\/wp-json\/wp\/v2\/pages\/2271\/revisions\/2275"}],"up":[{"embeddable":true,"href":"https:\/\/famep.com.br\/site\/wp-json\/wp\/v2\/pages\/1969"}],"wp:attachment":[{"href":"https:\/\/famep.com.br\/site\/wp-json\/wp\/v2\/media?parent=2271"}],"curies":[{"name":"wp","href":"https:\/\/api.w.org\/{rel}","templated":true}]}}