{"id":2420,"date":"2024-10-18T20:17:07","date_gmt":"2024-10-18T23:17:07","guid":{"rendered":"https:\/\/famep.com.br\/site\/?page_id=2420"},"modified":"2025-11-28T20:06:32","modified_gmt":"2025-11-28T23:06:32","slug":"secient","status":"publish","type":"page","link":"https:\/\/famep.com.br\/site\/secient\/","title":{"rendered":"Semana Cient\u00edfica Famep"},"content":{"rendered":"\t\t<div data-elementor-type=\"wp-page\" data-elementor-id=\"2420\" class=\"elementor elementor-2420\" data-elementor-post-type=\"page\">\n\t\t\t\t<div class=\"elementor-element elementor-element-eaed19b e-flex e-con-boxed e-con e-parent\" data-id=\"eaed19b\" data-element_type=\"container\" data-settings=\"{&quot;background_background&quot;:&quot;classic&quot;}\">\n\t\t\t\t\t<div class=\"e-con-inner\">\n\t\t\t\t\t<\/div>\n\t\t\t\t<\/div>\n\t\t<div class=\"elementor-element elementor-element-fec432e e-flex e-con-boxed e-con e-parent\" data-id=\"fec432e\" data-element_type=\"container\">\n\t\t\t\t\t<div class=\"e-con-inner\">\n\t\t\t\t<div class=\"elementor-element elementor-element-591a6db elementor-widget elementor-widget-heading\" data-id=\"591a6db\" data-element_type=\"widget\" data-widget_type=\"heading.default\">\n\t\t\t\t<div class=\"elementor-widget-container\">\n\t\t\t<h1 class=\"elementor-heading-title elementor-size-default\">XI SECIENT - SEMANA CIENT\u00cdFICA DA FAMEP 2025<\/h1>\t\t<\/div>\n\t\t\t\t<\/div>\n\t\t\t\t<div class=\"elementor-element elementor-element-c8dfa5c elementor-widget elementor-widget-text-editor\" data-id=\"c8dfa5c\" data-element_type=\"widget\" data-widget_type=\"text-editor.default\">\n\t\t\t\t<div class=\"elementor-widget-container\">\n\t\t\t\t\t\t\t<p>A XI Semana cient\u00edfica das Faculdades FAMEP com o Tema: <strong> Diversidade, equidade e inclus\u00e3o: O que voc\u00ea tem a ver com isso? <\/strong>Com o Objetivo: <strong>Promover o debate sobre a necessidade de constru\u00e7\u00e3o e consolida\u00e7\u00e3o de ambientes justos, produtivos e inovadores, e, mais que isso, provocar uma reflex\u00e3o sobre o papel de cada cidad\u00e3o\/cidad\u00e3 enquanto sujeito consciente e participativo por uma sociedade mais justa, inclusiva e igualit\u00e1ria<\/strong><strong>.<\/strong><\/p>\t\t\t\t\t\t<\/div>\n\t\t\t\t<\/div>\n\t\t\t\t<div class=\"elementor-element elementor-element-531ee18 elementor-widget elementor-widget-heading\" data-id=\"531ee18\" data-element_type=\"widget\" data-widget_type=\"heading.default\">\n\t\t\t\t<div class=\"elementor-widget-container\">\n\t\t\t<h1 class=\"elementor-heading-title elementor-size-default\">INSCRI\u00c7\u00c3O<\/h1>\t\t<\/div>\n\t\t\t\t<\/div>\n\t\t\t\t<div class=\"elementor-element elementor-element-b1d5f65 elementor-widget elementor-widget-text-editor\" data-id=\"b1d5f65\" data-element_type=\"widget\" data-widget_type=\"text-editor.default\">\n\t\t\t\t<div class=\"elementor-widget-container\">\n\t\t\t\t\t\t\t<p>Per\u00edodo de inscri\u00e7\u00e3o \u00e9 de <strong>12 A 30 DE NOVEMBRO DE 2025<\/strong>. Sendo que, a inscri\u00e7\u00e3o em minicursos \u00e9 independente da inscri\u00e7\u00e3o de trabalhos cient\u00edficos.<\/p>\t\t\t\t\t\t<\/div>\n\t\t\t\t<\/div>\n\t\t\t\t\t<\/div>\n\t\t\t\t<\/div>\n\t\t<div class=\"elementor-element elementor-element-ae72b7a e-flex e-con-boxed e-con e-parent\" data-id=\"ae72b7a\" data-element_type=\"container\">\n\t\t\t\t\t<div class=\"e-con-inner\">\n\t\t<div class=\"elementor-element elementor-element-723c1ec e-con-full e-flex e-con e-child\" data-id=\"723c1ec\" data-element_type=\"container\">\n\t\t\t\t<div class=\"elementor-element elementor-element-328613c elementor-widget elementor-widget-heading\" data-id=\"328613c\" data-element_type=\"widget\" data-widget_type=\"heading.default\">\n\t\t\t\t<div class=\"elementor-widget-container\">\n\t\t\t<h1 class=\"elementor-heading-title elementor-size-default\">REALIZA\u00c7\u00c3O DO EVENTO<\/h1>\t\t<\/div>\n\t\t\t\t<\/div>\n\t\t\t\t<div class=\"elementor-element elementor-element-1b27beb elementor-widget elementor-widget-text-editor\" data-id=\"1b27beb\" data-element_type=\"widget\" data-widget_type=\"text-editor.default\">\n\t\t\t\t<div class=\"elementor-widget-container\">\n\t\t\t\t\t\t\t<ul><li>O evento ocorrer\u00e1 no per\u00edodo de <strong>05 A 06 DE DEZENBRO DE 2025<\/strong>, em todas as sedes das unidades das <strong>FACULDADES FAMEP<\/strong>: E-mail: <strong>secient@famep.com.br<\/strong> (Ver Cronograma das Atividades no Anexo II deste Edital)<\/li><li>P\u00fablico Alvo: Estudantes (N\u00edvel superior e M\u00e9dio, docentes das mais distintas \u00e1reas).<\/li><\/ul>\t\t\t\t\t\t<\/div>\n\t\t\t\t<\/div>\n\t\t\t\t<div class=\"elementor-element elementor-element-a972f10 elementor-widget elementor-widget-heading\" data-id=\"a972f10\" data-element_type=\"widget\" data-widget_type=\"heading.default\">\n\t\t\t\t<div class=\"elementor-widget-container\">\n\t\t\t<h1 class=\"elementor-heading-title elementor-size-default\">PAGAMENTO DA TAXA DE INSCRI\u00c7\u00c3O<\/h1>\t\t<\/div>\n\t\t\t\t<\/div>\n\t\t\t\t<div class=\"elementor-element elementor-element-9446be4 elementor-widget elementor-widget-text-editor\" data-id=\"9446be4\" data-element_type=\"widget\" data-widget_type=\"text-editor.default\">\n\t\t\t\t<div class=\"elementor-widget-container\">\n\t\t\t\t\t\t\t<p><strong data-start=\"172\" data-end=\"259\">O pagamento da taxa de inscri\u00e7\u00e3o ser\u00e1 realizado via PIX no ato da inscri\u00e7\u00e3o online.<\/strong><br data-start=\"259\" data-end=\"262\" \/>Ap\u00f3s a confirma\u00e7\u00e3o do pagamento, o participante receber\u00e1 a confirma\u00e7\u00e3o da inscri\u00e7\u00e3o diretamente pelo <strong data-start=\"365\" data-end=\"377\">WhatsApp<\/strong> informado no cadastro.<br data-start=\"400\" data-end=\"403\" \/><strong data-start=\"405\" data-end=\"447\">N\u00e3o ser\u00e1 necess\u00e1ria ficha de inscri\u00e7\u00e3o<\/strong>, pois todo o processo ser\u00e1 feito <strong data-start=\"481\" data-end=\"500\" data-is-only-node=\"\">de forma online<\/strong>.<\/p>\t\t\t\t\t\t<\/div>\n\t\t\t\t<\/div>\n\t\t\t\t<\/div>\n\t\t\t\t\t<\/div>\n\t\t\t\t<\/div>\n\t\t<div class=\"elementor-element elementor-element-6a390f6 e-flex e-con-boxed e-con e-parent\" data-id=\"6a390f6\" data-element_type=\"container\">\n\t\t\t\t\t<div class=\"e-con-inner\">\n\t\t<div class=\"elementor-element elementor-element-8911671 e-con-full e-flex e-con e-child\" data-id=\"8911671\" data-element_type=\"container\">\n\t\t\t\t<div class=\"elementor-element elementor-element-0c43f2a elementor-widget elementor-widget-heading\" data-id=\"0c43f2a\" data-element_type=\"widget\" data-widget_type=\"heading.default\">\n\t\t\t\t<div class=\"elementor-widget-container\">\n\t\t\t<h1 class=\"elementor-heading-title elementor-size-default\">VALORES DAS INSCRI\u00c7\u00d5ES:<\/h1>\t\t<\/div>\n\t\t\t\t<\/div>\n\t\t\t\t<div class=\"elementor-element elementor-element-b2701e6 elementor-widget elementor-widget-text-editor\" data-id=\"b2701e6\" data-element_type=\"widget\" data-widget_type=\"text-editor.default\">\n\t\t\t\t<div class=\"elementor-widget-container\">\n\t\t\t\t\t\t\t<ul><li>Participa\u00e7\u00e3o no evento com direito a participar de at\u00e9 02 minicursos com ou sem trabalho.<\/li><li>Participa\u00e7\u00e3o no evento com at\u00e9 02 minicursos sem trabalho: <strong>R$ 100,00<\/strong><\/li><li>Participa\u00e7\u00e3o no evento com at\u00e9 02 minicursos com trabalho: <strong>R$ 130,00<\/strong><\/li><\/ul>\t\t\t\t\t\t<\/div>\n\t\t\t\t<\/div>\n\t\t\t\t<div class=\"elementor-element elementor-element-fef1dc8 elementor-widget elementor-widget-heading\" data-id=\"fef1dc8\" data-element_type=\"widget\" data-widget_type=\"heading.default\">\n\t\t\t\t<div class=\"elementor-widget-container\">\n\t\t\t<h1 class=\"elementor-heading-title elementor-size-default\">CRONOGRAMA DE INSCRI\u00c7\u00d5ES DE TRABALHO CIENT\u00cdFICOS<\/h1>\t\t<\/div>\n\t\t\t\t<\/div>\n\t\t\t\t<div class=\"elementor-element elementor-element-d9f41d2 elementor-widget elementor-widget-text-editor\" data-id=\"d9f41d2\" data-element_type=\"widget\" data-widget_type=\"text-editor.default\">\n\t\t\t\t<div class=\"elementor-widget-container\">\n\t\t\t\t\t\t\t<ul><li><b>Inscri\u00e7\u00e3o dos trabalhos:<\/b> (resumo expandido\/artigo completo) de 21 outubro a 29 de novembro de 2025.<\/li><li><b>Resultado da homologa\u00e7\u00e3o dos trabalhos:<\/b> at\u00e9 02 de dezembro de 2025.<\/li><\/ul>\t\t\t\t\t\t<\/div>\n\t\t\t\t<\/div>\n\t\t\t\t<\/div>\n\t\t\t\t\t<\/div>\n\t\t\t\t<\/div>\n\t\t<div class=\"elementor-element elementor-element-1253635 e-flex e-con-boxed e-con e-parent\" data-id=\"1253635\" data-element_type=\"container\">\n\t\t\t\t\t<div class=\"e-con-inner\">\n\t\t<div class=\"elementor-element elementor-element-cb3544e e-con-full e-flex e-con e-child\" data-id=\"cb3544e\" data-element_type=\"container\">\n\t\t\t\t<div class=\"elementor-element elementor-element-4c6af1c elementor-widget elementor-widget-heading\" data-id=\"4c6af1c\" data-element_type=\"widget\" data-widget_type=\"heading.default\">\n\t\t\t\t<div class=\"elementor-widget-container\">\n\t\t\t<h1 class=\"elementor-heading-title elementor-size-default\">PARA MAIORES INFORMA\u00c7\u00d5ES CONSULTE OS ARQUIVOS ABAIXO:<\/h1>\t\t<\/div>\n\t\t\t\t<\/div>\n\t\t\t\t<div class=\"elementor-element elementor-element-87a29de elementor-widget elementor-widget-text-editor\" data-id=\"87a29de\" data-element_type=\"widget\" data-widget_type=\"text-editor.default\">\n\t\t\t\t<div class=\"elementor-widget-container\">\n\t\t\t\t\t\t\t<ul><li><strong>29\/10\/2025<\/strong>\u00a0&#8211; <a href=\"https:\/\/famep.com.br\/site\/repositorio\/secient\/2025\/edital-2025-xi-semana-cientifica.pdf\" target=\"_blank\" rel=\"noopener\">Edital de Abertura &#8211; XI Semana Cient\u00edfica da FAMEP 2025.<\/a><\/li><li><strong>A definir<\/strong> &#8211; Minicursos Anexo II.<ul><li><strong>Unidade<\/strong> &#8211; S\u00e3o Pedro do Piau\u00ed &#8211; PI<\/li><li><strong>Unidade<\/strong> &#8211; Teresina &#8211; PI<\/li><li><strong>Unidade<\/strong> &#8211; Uru\u00e7u\u00ed &#8211; PI<\/li><li><strong>Unidade<\/strong> &#8211; Floriano &#8211; PI<\/li><li><strong>Unidade<\/strong> &#8211; Parambu &#8211; CE<\/li><li><strong>Unidade<\/strong> &#8211; Lago da Pedra &#8211; MA<\/li><li><strong>Unidade<\/strong> &#8211; Euclides da Cunha &#8211; BA<\/li><\/ul><\/li><li><strong>29\/10\/2024<\/strong> &#8211; <a href=\"https:\/\/famep.com.br\/site\/repositorio\/secient\/2025\/template-artigo-completo-2025.docx\" target=\"_blank\" rel=\"noopener\">Template Artigo Completo<\/a><\/li><li><strong>29\/10\/2024<\/strong> &#8211; <a href=\"https:\/\/famep.com.br\/site\/repositorio\/secient\/2025\/template-resumo-completo-2025.docx\" target=\"_blank\" rel=\"noopener\">Resumo Completo<\/a><\/li><li><strong>12 a 30\/11\/2024<\/strong> &#8211; Inscri\u00e7\u00e3o<\/li><\/ul>\t\t\t\t\t\t<\/div>\n\t\t\t\t<\/div>\n\t\t\t\t<\/div>\n\t\t\t\t\t<\/div>\n\t\t\t\t<\/div>\n\t\t<div class=\"elementor-element elementor-element-3cd31d6 elementor-hidden-desktop elementor-hidden-tablet elementor-hidden-mobile e-flex e-con-boxed e-con e-parent\" data-id=\"3cd31d6\" data-element_type=\"container\">\n\t\t\t\t\t<div class=\"e-con-inner\">\n\t\t<div class=\"elementor-element elementor-element-6541e01 e-con-full e-flex e-con e-child\" data-id=\"6541e01\" data-element_type=\"container\">\n\t\t\t\t<div class=\"elementor-element elementor-element-9f93f7e elementor-widget elementor-widget-heading\" data-id=\"9f93f7e\" data-element_type=\"widget\" data-widget_type=\"heading.default\">\n\t\t\t\t<div class=\"elementor-widget-container\">\n\t\t\t<h1 class=\"elementor-heading-title elementor-size-default\">INSCRI\u00c7\u00d5ES ABERTAS!<\/h1>\t\t<\/div>\n\t\t\t\t<\/div>\n\t\t\t\t<div class=\"elementor-element elementor-element-beeef49 elementor-widget elementor-widget-text-editor\" data-id=\"beeef49\" data-element_type=\"widget\" data-widget_type=\"text-editor.default\">\n\t\t\t\t<div class=\"elementor-widget-container\">\n\t\t\t\t\t\t\t<p>INSCRI\u00c7\u00d5ES ABERTAS AT\u00c9 O DIA 30 DE NOVEMBRO<\/p>\t\t\t\t\t\t<\/div>\n\t\t\t\t<\/div>\n\t\t\t\t<div class=\"elementor-element elementor-element-dcf00eb elementor-align-center elementor-widget elementor-widget-button\" data-id=\"dcf00eb\" data-element_type=\"widget\" data-widget_type=\"button.default\">\n\t\t\t\t<div class=\"elementor-widget-container\">\n\t\t\t\t\t<div class=\"elementor-button-wrapper\">\n\t\t\t<a class=\"elementor-button elementor-button-link elementor-size-sm\" href=\"https:\/\/famep.com.br\/site\/secient\/inscricao\/\">\n\t\t\t\t\t\t<span class=\"elementor-button-content-wrapper\">\n\t\t\t\t\t\t\t\t\t<span class=\"elementor-button-text\">INSCREVA-SE<\/span>\n\t\t\t\t\t<\/span>\n\t\t\t\t\t<\/a>\n\t\t<\/div>\n\t\t\t\t<\/div>\n\t\t\t\t<\/div>\n\t\t\t\t<\/div>\n\t\t\t\t\t<\/div>\n\t\t\t\t<\/div>\n\t\t\t\t<\/div>\n\t\t","protected":false},"excerpt":{"rendered":"<p>A Semana Cient\u00edfica da Famep tem por objetivo: Promover o comprometimento e autoconsci\u00eancia destacando a comunica\u00e7\u00e3o, criatividade e agilidade com foco em resultados que agenciem o crescimento pessoal e profissional, atrav\u00e9s de palestras, minicursos e apresenta\u00e7\u00f5es de trabalhos cient\u00edficos no formato de p\u00f4steres e\/ou comunica\u00e7\u00f5es orais.<\/p>\n","protected":false},"author":1,"featured_media":449,"parent":0,"menu_order":0,"comment_status":"closed","ping_status":"closed","template":"elementor_header_footer","meta":{"footnotes":""},"class_list":["post-2420","page","type-page","status-publish","has-post-thumbnail","hentry"],"_links":{"self":[{"href":"https:\/\/famep.com.br\/site\/wp-json\/wp\/v2\/pages\/2420","targetHints":{"allow":["GET"]}}],"collection":[{"href":"https:\/\/famep.com.br\/site\/wp-json\/wp\/v2\/pages"}],"about":[{"href":"https:\/\/famep.com.br\/site\/wp-json\/wp\/v2\/types\/page"}],"author":[{"embeddable":true,"href":"https:\/\/famep.com.br\/site\/wp-json\/wp\/v2\/users\/1"}],"replies":[{"embeddable":true,"href":"https:\/\/famep.com.br\/site\/wp-json\/wp\/v2\/comments?post=2420"}],"version-history":[{"count":130,"href":"https:\/\/famep.com.br\/site\/wp-json\/wp\/v2\/pages\/2420\/revisions"}],"predecessor-version":[{"id":4749,"href":"https:\/\/famep.com.br\/site\/wp-json\/wp\/v2\/pages\/2420\/revisions\/4749"}],"wp:featuredmedia":[{"embeddable":true,"href":"https:\/\/famep.com.br\/site\/wp-json\/wp\/v2\/media\/449"}],"wp:attachment":[{"href":"https:\/\/famep.com.br\/site\/wp-json\/wp\/v2\/media?parent=2420"}],"curies":[{"name":"wp","href":"https:\/\/api.w.org\/{rel}","templated":true}]}}