{"id":751,"date":"2024-06-24T19:03:18","date_gmt":"2024-06-24T22:03:18","guid":{"rendered":"https:\/\/famep.com.br\/site\/?page_id=751"},"modified":"2024-07-01T18:49:56","modified_gmt":"2024-07-01T21:49:56","slug":"famep-sustentavel","status":"publish","type":"page","link":"https:\/\/famep.com.br\/site\/famep-sustentavel\/","title":{"rendered":"Famep Sustent\u00e1vel"},"content":{"rendered":"\t\t<div data-elementor-type=\"wp-page\" data-elementor-id=\"751\" class=\"elementor elementor-751\" data-elementor-post-type=\"page\">\n\t\t\t\t<div class=\"elementor-element elementor-element-1593ca1 e-flex e-con-boxed e-con e-parent\" data-id=\"1593ca1\" data-element_type=\"container\" data-settings=\"{&quot;background_background&quot;:&quot;slideshow&quot;,&quot;background_slideshow_gallery&quot;:[{&quot;id&quot;:1015,&quot;url&quot;:&quot;https:\\\/\\\/famep.com.br\\\/site\\\/wp-content\\\/uploads\\\/2024\\\/07\\\/backgroud-topo.jpg&quot;}],&quot;background_slideshow_loop&quot;:&quot;yes&quot;,&quot;background_slideshow_slide_duration&quot;:5000,&quot;background_slideshow_slide_transition&quot;:&quot;fade&quot;,&quot;background_slideshow_transition_duration&quot;:500}\">\n\t\t\t\t\t<div class=\"e-con-inner\">\n\t\t\t\t<div class=\"elementor-element elementor-element-b3daed2 elementor-headline--style-highlight elementor-widget elementor-widget-animated-headline\" data-id=\"b3daed2\" data-element_type=\"widget\" data-settings=\"{&quot;highlighted_text&quot;:&quot;SUSTENT\\u00c1VEL&quot;,&quot;headline_style&quot;:&quot;highlight&quot;,&quot;marker&quot;:&quot;circle&quot;,&quot;loop&quot;:&quot;yes&quot;,&quot;highlight_animation_duration&quot;:1200,&quot;highlight_iteration_delay&quot;:8000}\" data-widget_type=\"animated-headline.default\">\n\t\t\t\t<div class=\"elementor-widget-container\">\n\t\t\t\t\t<h3 class=\"elementor-headline\">\n\t\t\t\t\t<span class=\"elementor-headline-plain-text elementor-headline-text-wrapper\">FAMEP<\/span>\n\t\t\t\t<span class=\"elementor-headline-dynamic-wrapper elementor-headline-text-wrapper\">\n\t\t\t\t\t<span class=\"elementor-headline-dynamic-text elementor-headline-text-active\">SUSTENT\u00c1VEL<\/span>\n\t\t\t\t<\/span>\n\t\t\t\t<\/h3>\n\t\t\t\t<\/div>\n\t\t\t\t<\/div>\n\t\t\t\t\t<\/div>\n\t\t\t\t<\/div>\n\t\t<div class=\"elementor-element elementor-element-817a416 e-flex e-con-boxed e-con e-parent\" data-id=\"817a416\" data-element_type=\"container\">\n\t\t\t\t\t<div class=\"e-con-inner\">\n\t\t<div class=\"elementor-element elementor-element-e9e0347 e-con-full e-flex e-con e-child\" data-id=\"e9e0347\" data-element_type=\"container\">\n\t\t\t\t<div class=\"elementor-element elementor-element-66a52e2 elementor-widget elementor-widget-heading\" data-id=\"66a52e2\" data-element_type=\"widget\" data-widget_type=\"heading.default\">\n\t\t\t\t<div class=\"elementor-widget-container\">\n\t\t\t<h1 class=\"elementor-heading-title elementor-size-default\">PROGRAMA FAMEP SUSTENT\u00c1VEL<\/h1>\t\t<\/div>\n\t\t\t\t<\/div>\n\t\t\t\t<div class=\"elementor-element elementor-element-77104bc elementor-widget elementor-widget-text-editor\" data-id=\"77104bc\" data-element_type=\"widget\" data-widget_type=\"text-editor.default\">\n\t\t\t\t<div class=\"elementor-widget-container\">\n\t\t\t\t\t\t\t<p>As Faculdade FAMEP, visando a necessidade de promover a\u00e7\u00f5es de integra\u00e7\u00e3o e socializa\u00e7\u00e3o entre a comunidade acad\u00eamica e a sociedade, apresenta o Programa Famep Sustent\u00e1vel com vista ao desenvolvimento de pr\u00e1ticas e atitudes comprometidas com os princ\u00edpios da integra\u00e7\u00e3o, da sustentabilidade afetiva, econ\u00f4mica, social e ambiental.<\/p>\t\t\t\t\t\t<\/div>\n\t\t\t\t<\/div>\n\t\t\t\t<div class=\"elementor-element elementor-element-217613f elementor-widget elementor-widget-heading\" data-id=\"217613f\" data-element_type=\"widget\" data-widget_type=\"heading.default\">\n\t\t\t\t<div class=\"elementor-widget-container\">\n\t\t\t<h1 class=\"elementor-heading-title elementor-size-default\">PROGRAMA FAMEP SUSTENT\u00c1VEL: METODOLOGIA DO REVER:<\/h1>\t\t<\/div>\n\t\t\t\t<\/div>\n\t\t\t\t<div class=\"elementor-element elementor-element-9fc7449 elementor-widget elementor-widget-text-editor\" data-id=\"9fc7449\" data-element_type=\"widget\" data-widget_type=\"text-editor.default\">\n\t\t\t\t<div class=\"elementor-widget-container\">\n\t\t\t\t\t\t\t<p><strong>R<\/strong>eduzir o consumo de recursos naturais e de energia el\u00e9trica<br \/><strong>E<\/strong>xpandir as a\u00e7\u00f5es de Sustentabilidade<br \/><strong>V<\/strong>alorizar a boa conviv\u00eancia e atitudes gentis<br \/><strong>E<\/strong>vitar o desperd\u00edcio de alimentos e o uso de copos descart\u00e1veis<br \/><strong>R<\/strong>eutilizar e reciclar materiais e produtos<\/p><h5><strong>Objetivo Geral:<\/strong><\/h5><ul><li>Fortalecer a pr\u00e1tica da SUSTENTABILIDADE atrav\u00e9s de a\u00e7\u00f5es que visam a melhoria da qualidade de vida, seja nas rela\u00e7\u00f5es sociais, econ\u00f4micas e ambientais entre os colaboradores, a comunidade acad\u00eamica e a sociedade.<\/li><\/ul><h5><strong>Objetivos Espec\u00edficos:<\/strong><\/h5><ul><li>Contribuir para o aprimoramento das pr\u00e1ticas acad\u00eamicas;<\/li><li>Favorecer a cultura de novas rotinas relacionadas \u00e0 integra\u00e7\u00e3o e conviv\u00eancia saud\u00e1vel no ambiente acad\u00eamico;<\/li><li>Promover eventos direcionados \u00e0 presta\u00e7\u00e3o de servi\u00e7os \u00e0 comunidade, com foco em Educa\u00e7\u00e3o Ambiental e Cidadania, de acordo com as \u00e1reas do Conhecimento de cada curso da IES;<\/li><li>Aperfei\u00e7oar a pr\u00e1tica de atividades socioambientais.<br \/><br \/><\/li><\/ul><p><strong>Composi\u00e7\u00e3o e Forma\u00e7\u00e3o da Equipe Executora<\/strong><\/p><p>N\u00famero de participantes \u2013\u00a041<\/p><p>Dire\u00e7\u00e3o Pedag\u00f3gica: 01<\/p><p>Coordenadores de Curso: 10<\/p><p>Coordenadores de N\u00facleos: 10<\/p><p>Docentes: 10<\/p><p>Discentes: 10<\/p><h5><strong>5- Etapas da implanta\u00e7\u00e3o do PROGRAMA FAMEP SUSTENT\u00c1VEL<\/strong><\/h5><p>5.1- An\u00e1lise da gest\u00e3o ambiental da IES<\/p><p>5.2- Cria\u00e7\u00e3o da Equipe Executora<\/p><p>5.3- Homologa\u00e7\u00e3o do Comit\u00ea de Sustentabilidade \u2013 CONGREGA\u00c7\u00c3O<\/p><p>5.4- Elabora\u00e7\u00e3o do Plano de Capacita\u00e7\u00e3o da Equipe Executora<\/p><p>5.5-An\u00e1lise das pr\u00e1ticas de sustentabilidade desenvolvidas na IES, seus benef\u00edcios e impactos causados.<\/p><p>5.6- Defini\u00e7\u00e3o dos Objetivos e Metas para a sustentabilidade.<\/p><p>5.7- Defini\u00e7\u00e3o dos Indicadores de Efici\u00eancia, para aferir os resultados atingidos.<\/p><p>5.8- Elabora\u00e7\u00e3o do Plano de A\u00e7\u00e3o para as medidas de sustentabilidade a serem adotadas por toda a IES, nas mais distintas \u00e1reas.<\/p><p>5.9- Elabora\u00e7\u00e3o do Plano de Divulga\u00e7\u00e3o e Marketing das A\u00e7\u00f5es Sustent\u00e1veis da IES.<\/p><p>5.10- Acompanhamento sistematizado atrav\u00e9s de avalia\u00e7\u00f5es peri\u00f3dicas das atividades realizadas.<\/p><h5><strong>Resultados esperados:<\/strong><\/h5><ul><li>Fortalece da imagem institucional<\/li><li>Redu\u00e7\u00e3o no impacto econ\u00f4mico e ambiental da IES<\/li><li>Potencializa um forte diferencial no mercado<\/li><li>Favorece a boa conviv\u00eancia<\/li><li>Maximiza a produtividade individual e coletiva<\/li><li>Colabora com a forma\u00e7\u00e3o global dos discentes<\/li><li>Qualifica nossos colaboradores<\/li><li>Eleva o n\u00edvel de atendimento e presta\u00e7\u00e3o de servi\u00e7os \u00e0 comunidade em geral.<\/li><\/ul>\t\t\t\t\t\t<\/div>\n\t\t\t\t<\/div>\n\t\t\t\t<\/div>\n\t\t\t\t\t<\/div>\n\t\t\t\t<\/div>\n\t\t<div class=\"elementor-element elementor-element-f3c74b8 e-flex e-con-boxed e-con e-parent\" data-id=\"f3c74b8\" data-element_type=\"container\">\n\t\t\t\t\t<div class=\"e-con-inner\">\n\t\t\t\t<div class=\"elementor-element elementor-element-c3a25e8 elementor-widget elementor-widget-heading\" data-id=\"c3a25e8\" data-element_type=\"widget\" data-widget_type=\"heading.default\">\n\t\t\t\t<div class=\"elementor-widget-container\">\n\t\t\t<h2 class=\"elementor-heading-title elementor-size-default\">PROGRAMA FAMEP SUSTENT\u00c1VEL<\/h2>\t\t<\/div>\n\t\t\t\t<\/div>\n\t\t\t\t\t<\/div>\n\t\t\t\t<\/div>\n\t\t<div class=\"elementor-element elementor-element-ba4fb90 e-grid e-con-boxed e-con e-parent\" data-id=\"ba4fb90\" data-element_type=\"container\">\n\t\t\t\t\t<div class=\"e-con-inner\">\n\t\t\t\t<div class=\"elementor-element elementor-element-f8b2663 elementor-widget elementor-widget-text-editor\" data-id=\"f8b2663\" data-element_type=\"widget\" data-widget_type=\"text-editor.default\">\n\t\t\t\t<div class=\"elementor-widget-container\">\n\t\t\t\t\t\t\t<p><b>1. INTEGRA\u00c7\u00c3O<\/b><\/p><ul><li>Jornal Acad\u00eamico<\/li><li>Men\u00e7\u00e3o Honrosa<\/li><li>A\u00e7\u00f5es Not\u00e1veis<\/li><li>Manual do Colaborador<\/li><li>Integra\u00e7\u00e3o de Colaboradores<\/li><li>Semin\u00e1rio de Integra\u00e7\u00e3o \u00e0 Vida Acad\u00eamica<\/li><\/ul><p><strong><br \/>Comiss\u00e3o Organizadora:<\/strong><\/p><ul><li>Corpo T\u00e9cnico-Administrativo<\/li><li>Coordena\u00e7\u00f5es de Cursos<\/li><li>Coordena\u00e7\u00f5es de N\u00facleos<\/li><\/ul>\t\t\t\t\t\t<\/div>\n\t\t\t\t<\/div>\n\t\t\t\t<div class=\"elementor-element elementor-element-16b2cd0 elementor-widget elementor-widget-text-editor\" data-id=\"16b2cd0\" data-element_type=\"widget\" data-widget_type=\"text-editor.default\">\n\t\t\t\t<div class=\"elementor-widget-container\">\n\t\t\t\t\t\t\t<p><b>2. MEIO AMBIENTE<\/b><\/p><ul><li>Campanhas de Combate ao Desperd\u00edcio de Alimentos, Recursos Naturais, de Energia e de Produtos<\/li><li>Substitui\u00e7\u00e3o de Copos descart\u00e1veis<\/li><li>Espa\u00e7o Mais Verde<br \/><br \/><\/li><\/ul><p><strong>Comiss\u00e3o Organizadora:<\/strong><\/p><ul><li>Coordena\u00e7\u00e3o dos cursos ofertados pela FAMEP<\/li><\/ul>\t\t\t\t\t\t<\/div>\n\t\t\t\t<\/div>\n\t\t\t\t<div class=\"elementor-element elementor-element-73d4c54 elementor-widget elementor-widget-text-editor\" data-id=\"73d4c54\" data-element_type=\"widget\" data-widget_type=\"text-editor.default\">\n\t\t\t\t<div class=\"elementor-widget-container\">\n\t\t\t\t\t\t\t<p><b>3. SOCIAL<\/b><\/p><ul><li>Famep Comunidade<\/li><li>Famep Junina<\/li><li>Calourada Solid\u00e1ria<\/li><li>Natal Famep<\/li><li>Famep Rosa<\/li><\/ul><p><strong><br \/>Comiss\u00e3o Organizadora:<\/strong><\/p><ul><li>Corpo T\u00e9cnico-Administrativo<\/li><li>Coordena\u00e7\u00f5es de N\u00facleos<\/li><li>Coordena\u00e7\u00e3o de Cursos<\/li><\/ul>\t\t\t\t\t\t<\/div>\n\t\t\t\t<\/div>\n\t\t\t\t\t<\/div>\n\t\t\t\t<\/div>\n\t\t<div class=\"elementor-element elementor-element-4d44ce7 e-flex e-con-boxed e-con e-parent\" data-id=\"4d44ce7\" data-element_type=\"container\" data-settings=\"{&quot;background_background&quot;:&quot;classic&quot;}\">\n\t\t\t\t\t<div class=\"e-con-inner\">\n\t\t<div class=\"elementor-element elementor-element-3c001bb e-grid e-con-boxed e-con e-child\" data-id=\"3c001bb\" data-element_type=\"container\">\n\t\t\t\t\t<div class=\"e-con-inner\">\n\t\t<div class=\"elementor-element elementor-element-273b435 e-grid e-con-boxed e-con e-child\" data-id=\"273b435\" data-element_type=\"container\">\n\t\t\t\t\t<div class=\"e-con-inner\">\n\t\t\t\t<div class=\"elementor-element elementor-element-e857a66 elementor-view-default elementor-position-top elementor-mobile-position-top elementor-widget elementor-widget-icon-box\" data-id=\"e857a66\" data-element_type=\"widget\" data-widget_type=\"icon-box.default\">\n\t\t\t\t<div class=\"elementor-widget-container\">\n\t\t\t\t\t<div class=\"elementor-icon-box-wrapper\">\n\n\t\t\t\t\t\t<div class=\"elementor-icon-box-icon\">\n\t\t\t\t<a href=\"https:\/\/web.whatsapp.com\/send?phone=558699999-5296\" target=\"_blank\" class=\"elementor-icon elementor-animation-\" tabindex=\"-1\">\n\t\t\t\t<svg aria-hidden=\"true\" class=\"e-font-icon-svg e-fab-whatsapp\" viewBox=\"0 0 448 512\" xmlns=\"http:\/\/www.w3.org\/2000\/svg\"><path d=\"M380.9 97.1C339 55.1 283.2 32 223.9 32c-122.4 0-222 99.6-222 222 0 39.1 10.2 77.3 29.6 111L0 480l117.7-30.9c32.4 17.7 68.9 27 106.1 27h.1c122.3 0 224.1-99.6 224.1-222 0-59.3-25.2-115-67.1-157zm-157 341.6c-33.2 0-65.7-8.9-94-25.7l-6.7-4-69.8 18.3L72 359.2l-4.4-7c-18.5-29.4-28.2-63.3-28.2-98.2 0-101.7 82.8-184.5 184.6-184.5 49.3 0 95.6 19.2 130.4 54.1 34.8 34.9 56.2 81.2 56.1 130.5 0 101.8-84.9 184.6-186.6 184.6zm101.2-138.2c-5.5-2.8-32.8-16.2-37.9-18-5.1-1.9-8.8-2.8-12.5 2.8-3.7 5.6-14.3 18-17.6 21.8-3.2 3.7-6.5 4.2-12 1.4-32.6-16.3-54-29.1-75.5-66-5.7-9.8 5.7-9.1 16.3-30.3 1.8-3.7.9-6.9-.5-9.7-1.4-2.8-12.5-30.1-17.1-41.2-4.5-10.8-9.1-9.3-12.5-9.5-3.2-.2-6.9-.2-10.6-.2-3.7 0-9.7 1.4-14.8 6.9-5.1 5.6-19.4 19-19.4 46.3 0 27.3 19.9 53.7 22.6 57.4 2.8 3.7 39.1 59.7 94.8 83.8 35.2 15.2 49 16.5 66.6 13.9 10.7-1.6 32.8-13.4 37.4-26.4 4.6-13 4.6-24.1 3.2-26.4-1.3-2.5-5-3.9-10.5-6.6z\"><\/path><\/svg>\t\t\t\t<\/a>\n\t\t\t<\/div>\n\t\t\t\n\t\t\t\t\t\t<div class=\"elementor-icon-box-content\">\n\n\t\t\t\t\t\t\t\t\t<h3 class=\"elementor-icon-box-title\">\n\t\t\t\t\t\t<a href=\"https:\/\/web.whatsapp.com\/send?phone=558699999-5296\" target=\"_blank\" >\n\t\t\t\t\t\t\tNosso WhatsApp\t\t\t\t\t\t<\/a>\n\t\t\t\t\t<\/h3>\n\t\t\t\t\n\t\t\t\t\n\t\t\t<\/div>\n\t\t\t\n\t\t<\/div>\n\t\t\t\t<\/div>\n\t\t\t\t<\/div>\n\t\t\t\t<div class=\"elementor-element elementor-element-8990eca elementor-align-center elementor-widget elementor-widget-button\" data-id=\"8990eca\" data-element_type=\"widget\" data-widget_type=\"button.default\">\n\t\t\t\t<div class=\"elementor-widget-container\">\n\t\t\t\t\t<div class=\"elementor-button-wrapper\">\n\t\t\t<a class=\"elementor-button elementor-button-link elementor-size-sm elementor-animation-grow\" href=\"https:\/\/web.whatsapp.com\/send?phone=558699999-5296\" target=\"_blank\">\n\t\t\t\t\t\t<span class=\"elementor-button-content-wrapper\">\n\t\t\t\t\t\t\t\t\t<span class=\"elementor-button-text\">Clique aqui<\/span>\n\t\t\t\t\t<\/span>\n\t\t\t\t\t<\/a>\n\t\t<\/div>\n\t\t\t\t<\/div>\n\t\t\t\t<\/div>\n\t\t\t\t\t<\/div>\n\t\t\t\t<\/div>\n\t\t<div class=\"elementor-element elementor-element-de4486d e-grid e-con-boxed e-con e-child\" data-id=\"de4486d\" data-element_type=\"container\">\n\t\t\t\t\t<div class=\"e-con-inner\">\n\t\t\t\t<div class=\"elementor-element elementor-element-dd543eb elementor-view-default elementor-position-top elementor-mobile-position-top elementor-widget elementor-widget-icon-box\" data-id=\"dd543eb\" data-element_type=\"widget\" data-widget_type=\"icon-box.default\">\n\t\t\t\t<div class=\"elementor-widget-container\">\n\t\t\t\t\t<div class=\"elementor-icon-box-wrapper\">\n\n\t\t\t\t\t\t<div class=\"elementor-icon-box-icon\">\n\t\t\t\t<a href=\"mailto:faculdadefamep@yahoo.com.br\" class=\"elementor-icon elementor-animation-\" tabindex=\"-1\">\n\t\t\t\t<svg aria-hidden=\"true\" class=\"e-font-icon-svg e-far-envelope\" viewBox=\"0 0 512 512\" xmlns=\"http:\/\/www.w3.org\/2000\/svg\"><path d=\"M464 64H48C21.49 64 0 85.49 0 112v288c0 26.51 21.49 48 48 48h416c26.51 0 48-21.49 48-48V112c0-26.51-21.49-48-48-48zm0 48v40.805c-22.422 18.259-58.168 46.651-134.587 106.49-16.841 13.247-50.201 45.072-73.413 44.701-23.208.375-56.579-31.459-73.413-44.701C106.18 199.465 70.425 171.067 48 152.805V112h416zM48 400V214.398c22.914 18.251 55.409 43.862 104.938 82.646 21.857 17.205 60.134 55.186 103.062 54.955 42.717.231 80.509-37.199 103.053-54.947 49.528-38.783 82.032-64.401 104.947-82.653V400H48z\"><\/path><\/svg>\t\t\t\t<\/a>\n\t\t\t<\/div>\n\t\t\t\n\t\t\t\t\t\t<div class=\"elementor-icon-box-content\">\n\n\t\t\t\t\t\t\t\t\t<h3 class=\"elementor-icon-box-title\">\n\t\t\t\t\t\t<a href=\"mailto:faculdadefamep@yahoo.com.br\" >\n\t\t\t\t\t\t\tNosso Email\t\t\t\t\t\t<\/a>\n\t\t\t\t\t<\/h3>\n\t\t\t\t\n\t\t\t\t\n\t\t\t<\/div>\n\t\t\t\n\t\t<\/div>\n\t\t\t\t<\/div>\n\t\t\t\t<\/div>\n\t\t\t\t<div class=\"elementor-element elementor-element-d34322d elementor-align-center elementor-widget elementor-widget-button\" data-id=\"d34322d\" data-element_type=\"widget\" data-widget_type=\"button.default\">\n\t\t\t\t<div class=\"elementor-widget-container\">\n\t\t\t\t\t<div class=\"elementor-button-wrapper\">\n\t\t\t<a class=\"elementor-button elementor-button-link elementor-size-sm elementor-animation-grow\" href=\"mailto:faculdadefamep@yahoo.com.br\" target=\"_blank\">\n\t\t\t\t\t\t<span class=\"elementor-button-content-wrapper\">\n\t\t\t\t\t\t\t\t\t<span class=\"elementor-button-text\">Clique aqui<\/span>\n\t\t\t\t\t<\/span>\n\t\t\t\t\t<\/a>\n\t\t<\/div>\n\t\t\t\t<\/div>\n\t\t\t\t<\/div>\n\t\t\t\t\t<\/div>\n\t\t\t\t<\/div>\n\t\t<div class=\"elementor-element elementor-element-3e93f36 e-grid e-con-boxed e-con e-child\" data-id=\"3e93f36\" data-element_type=\"container\">\n\t\t\t\t\t<div class=\"e-con-inner\">\n\t\t\t\t<div class=\"elementor-element elementor-element-d442182 elementor-view-default elementor-position-top elementor-mobile-position-top elementor-widget elementor-widget-icon-box\" data-id=\"d442182\" data-element_type=\"widget\" data-widget_type=\"icon-box.default\">\n\t\t\t\t<div class=\"elementor-widget-container\">\n\t\t\t\t\t<div class=\"elementor-icon-box-wrapper\">\n\n\t\t\t\t\t\t<div class=\"elementor-icon-box-icon\">\n\t\t\t\t<a href=\"https:\/\/famep.com.br\/site\/contato\" class=\"elementor-icon elementor-animation-\" tabindex=\"-1\">\n\t\t\t\t<svg aria-hidden=\"true\" class=\"e-font-icon-svg e-fas-comment-dots\" viewBox=\"0 0 512 512\" xmlns=\"http:\/\/www.w3.org\/2000\/svg\"><path d=\"M256 32C114.6 32 0 125.1 0 240c0 49.6 21.4 95 57 130.7C44.5 421.1 2.7 466 2.2 466.5c-2.2 2.3-2.8 5.7-1.5 8.7S4.8 480 8 480c66.3 0 116-31.8 140.6-51.4 32.7 12.3 69 19.4 107.4 19.4 141.4 0 256-93.1 256-208S397.4 32 256 32zM128 272c-17.7 0-32-14.3-32-32s14.3-32 32-32 32 14.3 32 32-14.3 32-32 32zm128 0c-17.7 0-32-14.3-32-32s14.3-32 32-32 32 14.3 32 32-14.3 32-32 32zm128 0c-17.7 0-32-14.3-32-32s14.3-32 32-32 32 14.3 32 32-14.3 32-32 32z\"><\/path><\/svg>\t\t\t\t<\/a>\n\t\t\t<\/div>\n\t\t\t\n\t\t\t\t\t\t<div class=\"elementor-icon-box-content\">\n\n\t\t\t\t\t\t\t\t\t<h3 class=\"elementor-icon-box-title\">\n\t\t\t\t\t\t<a href=\"https:\/\/famep.com.br\/site\/contato\" >\n\t\t\t\t\t\t\tNosso Contato\t\t\t\t\t\t<\/a>\n\t\t\t\t\t<\/h3>\n\t\t\t\t\n\t\t\t\t\n\t\t\t<\/div>\n\t\t\t\n\t\t<\/div>\n\t\t\t\t<\/div>\n\t\t\t\t<\/div>\n\t\t\t\t<div class=\"elementor-element elementor-element-31e45f0 elementor-align-center elementor-widget elementor-widget-button\" data-id=\"31e45f0\" data-element_type=\"widget\" data-widget_type=\"button.default\">\n\t\t\t\t<div class=\"elementor-widget-container\">\n\t\t\t\t\t<div class=\"elementor-button-wrapper\">\n\t\t\t<a class=\"elementor-button elementor-button-link elementor-size-sm elementor-animation-grow\" href=\"https:\/\/famep.com.br\/site\/contato\">\n\t\t\t\t\t\t<span class=\"elementor-button-content-wrapper\">\n\t\t\t\t\t\t\t\t\t<span class=\"elementor-button-text\">Clique aqui<\/span>\n\t\t\t\t\t<\/span>\n\t\t\t\t\t<\/a>\n\t\t<\/div>\n\t\t\t\t<\/div>\n\t\t\t\t<\/div>\n\t\t\t\t\t<\/div>\n\t\t\t\t<\/div>\n\t\t\t\t\t<\/div>\n\t\t\t\t<\/div>\n\t\t\t\t\t<\/div>\n\t\t\t\t<\/div>\n\t\t\t\t<\/div>\n\t\t","protected":false},"excerpt":{"rendered":"<p>FAMEP SUSTENT\u00c1VEL PROGRAMA FAMEP SUSTENT\u00c1VEL As Faculdade FAMEP, visando a necessidade de promover a\u00e7\u00f5es de integra\u00e7\u00e3o e socializa\u00e7\u00e3o entre a comunidade acad\u00eamica e a sociedade, apresenta o Programa Famep Sustent\u00e1vel com vista ao desenvolvimento de pr\u00e1ticas e atitudes comprometidas com os princ\u00edpios da integra\u00e7\u00e3o, da sustentabilidade afetiva, econ\u00f4mica, social e ambiental. PROGRAMA FAMEP SUSTENT\u00c1VEL: METODOLOGIA [&hellip;]<\/p>\n","protected":false},"author":1,"featured_media":449,"parent":0,"menu_order":0,"comment_status":"closed","ping_status":"closed","template":"elementor_header_footer","meta":{"footnotes":""},"class_list":["post-751","page","type-page","status-publish","has-post-thumbnail","hentry"],"_links":{"self":[{"href":"https:\/\/famep.com.br\/site\/wp-json\/wp\/v2\/pages\/751","targetHints":{"allow":["GET"]}}],"collection":[{"href":"https:\/\/famep.com.br\/site\/wp-json\/wp\/v2\/pages"}],"about":[{"href":"https:\/\/famep.com.br\/site\/wp-json\/wp\/v2\/types\/page"}],"author":[{"embeddable":true,"href":"https:\/\/famep.com.br\/site\/wp-json\/wp\/v2\/users\/1"}],"replies":[{"embeddable":true,"href":"https:\/\/famep.com.br\/site\/wp-json\/wp\/v2\/comments?post=751"}],"version-history":[{"count":16,"href":"https:\/\/famep.com.br\/site\/wp-json\/wp\/v2\/pages\/751\/revisions"}],"predecessor-version":[{"id":1048,"href":"https:\/\/famep.com.br\/site\/wp-json\/wp\/v2\/pages\/751\/revisions\/1048"}],"wp:featuredmedia":[{"embeddable":true,"href":"https:\/\/famep.com.br\/site\/wp-json\/wp\/v2\/media\/449"}],"wp:attachment":[{"href":"https:\/\/famep.com.br\/site\/wp-json\/wp\/v2\/media?parent=751"}],"curies":[{"name":"wp","href":"https:\/\/api.w.org\/{rel}","templated":true}]}}