{"id":770,"date":"2024-06-24T19:56:05","date_gmt":"2024-06-24T22:56:05","guid":{"rendered":"https:\/\/famep.com.br\/site\/?page_id=770"},"modified":"2026-03-30T09:51:15","modified_gmt":"2026-03-30T12:51:15","slug":"cpa","status":"publish","type":"page","link":"https:\/\/famep.com.br\/site\/cpa\/","title":{"rendered":"CPA"},"content":{"rendered":"\t\t<div data-elementor-type=\"wp-page\" data-elementor-id=\"770\" class=\"elementor elementor-770\" data-elementor-post-type=\"page\">\n\t\t\t\t<div class=\"elementor-element elementor-element-1593ca1 e-flex e-con-boxed e-con e-parent\" data-id=\"1593ca1\" data-element_type=\"container\" data-settings=\"{&quot;background_background&quot;:&quot;slideshow&quot;,&quot;background_slideshow_gallery&quot;:[{&quot;id&quot;:1015,&quot;url&quot;:&quot;https:\\\/\\\/famep.com.br\\\/site\\\/wp-content\\\/uploads\\\/2024\\\/07\\\/backgroud-topo.jpg&quot;}],&quot;background_slideshow_loop&quot;:&quot;yes&quot;,&quot;background_slideshow_slide_duration&quot;:5000,&quot;background_slideshow_slide_transition&quot;:&quot;fade&quot;,&quot;background_slideshow_transition_duration&quot;:500}\">\n\t\t\t\t\t<div class=\"e-con-inner\">\n\t\t\t\t<div class=\"elementor-element elementor-element-38be3cc elementor-headline--style-highlight elementor-widget elementor-widget-animated-headline\" data-id=\"38be3cc\" data-element_type=\"widget\" data-settings=\"{&quot;highlighted_text&quot;:&quot;CPA&quot;,&quot;marker&quot;:&quot;underline_zigzag&quot;,&quot;headline_style&quot;:&quot;highlight&quot;,&quot;loop&quot;:&quot;yes&quot;,&quot;highlight_animation_duration&quot;:1200,&quot;highlight_iteration_delay&quot;:8000}\" data-widget_type=\"animated-headline.default\">\n\t\t\t\t<div class=\"elementor-widget-container\">\n\t\t\t\t\t<h3 class=\"elementor-headline\">\n\t\t\t\t<span class=\"elementor-headline-dynamic-wrapper elementor-headline-text-wrapper\">\n\t\t\t\t\t<span class=\"elementor-headline-dynamic-text elementor-headline-text-active\">CPA<\/span>\n\t\t\t\t<\/span>\n\t\t\t\t<\/h3>\n\t\t\t\t<\/div>\n\t\t\t\t<\/div>\n\t\t\t\t\t<\/div>\n\t\t\t\t<\/div>\n\t\t<div class=\"elementor-element elementor-element-817a416 e-flex e-con-boxed e-con e-parent\" data-id=\"817a416\" data-element_type=\"container\">\n\t\t\t\t\t<div class=\"e-con-inner\">\n\t\t<div class=\"elementor-element elementor-element-e9e0347 e-con-full e-flex e-con e-child\" data-id=\"e9e0347\" data-element_type=\"container\">\n\t\t\t\t<div class=\"elementor-element elementor-element-3ed79eb elementor-widget elementor-widget-heading\" data-id=\"3ed79eb\" data-element_type=\"widget\" data-widget_type=\"heading.default\">\n\t\t\t\t<div class=\"elementor-widget-container\">\n\t\t\t<h2 class=\"elementor-heading-title elementor-size-default\">Comiss\u00e3o Pr\u00f3pria de Avalia\u00e7\u00e3o - cpa<\/h2>\t\t<\/div>\n\t\t\t\t<\/div>\n\t\t\t\t<div class=\"elementor-element elementor-element-77104bc elementor-widget elementor-widget-text-editor\" data-id=\"77104bc\" data-element_type=\"widget\" data-widget_type=\"text-editor.default\">\n\t\t\t\t<div class=\"elementor-widget-container\">\n\t\t\t\t\t\t\t<p><strong>AVALIA\u00c7\u00c3O INSTITUCIONAL<\/strong><\/p><p>A avalia\u00e7\u00e3o institucional qualifica-se como constru\u00e7\u00e3o coletiva de conhecimentos geradores de reflex\u00f5es indutoras da melhoria da qualidade das atividades pedag\u00f3gicas, cient\u00edficas, administrativas e de rela\u00e7\u00f5es sociais estabelecidas no interior da IES e suas vincula\u00e7\u00f5es com a sociedade.<\/p><p>A avalia\u00e7\u00e3o \u00e9 um processo que busca melhorar a qualidade, aumentar a quantidade da presta\u00e7\u00e3o do servi\u00e7o educacional, elevando a sua efic\u00e1cia institucional, a conscientiza\u00e7\u00e3o dos agentes e a efetividade acad\u00eamica e social.<\/p><p><strong>COMISS\u00c3O PR\u00d3PRIA DE AVALIA\u00c7\u00c3O \u2013 CPA<\/strong><\/p><p>A Lei n\u00ba 10.861, de 2004, que institui o Sistema Nacional de Avalia\u00e7\u00e3o da Educa\u00e7\u00e3o Superior, o SINAES, cria, em cada institui\u00e7\u00e3o de Educa\u00e7\u00e3o Superior (IES), uma Comiss\u00e3o Pr\u00f3pria de avalia\u00e7\u00e3o, tamb\u00e9m identificada pela sigla CPA.<\/p><p>A CPA \u00e9 um \u00f3rg\u00e3o da IES com as atribui\u00e7\u00f5es de planejar, organizar e promover os processos internos de avalia\u00e7\u00e3o institucional e dos cursos superiores ofertados. Compete-lhe ainda acompanhar e avaliar os planos de melhorias institucionais e de cursos e a execu\u00e7\u00e3o dos protocolos de saneamento de defici\u00eancias identificadas nas avalia\u00e7\u00f5es do MEC.<\/p>\t\t\t\t\t\t<\/div>\n\t\t\t\t<\/div>\n\t\t\t\t<\/div>\n\t\t<div class=\"elementor-element elementor-element-b0da3a1 e-con-full e-flex e-con e-child\" data-id=\"b0da3a1\" data-element_type=\"container\">\n\t\t\t\t<div class=\"elementor-element elementor-element-6c13293 elementor-widget elementor-widget-heading\" data-id=\"6c13293\" data-element_type=\"widget\" data-widget_type=\"heading.default\">\n\t\t\t\t<div class=\"elementor-widget-container\">\n\t\t\t<h2 class=\"elementor-heading-title elementor-size-default\">PRINCIPAIS OBJETIVOS<\/h2>\t\t<\/div>\n\t\t\t\t<\/div>\n\t\t\t\t<div class=\"elementor-element elementor-element-c783298 elementor-widget elementor-widget-text-editor\" data-id=\"c783298\" data-element_type=\"widget\" data-widget_type=\"text-editor.default\">\n\t\t\t\t<div class=\"elementor-widget-container\">\n\t\t\t\t\t\t\t<ul><li>Produzir conhecimentos;<\/li><li>Questionar os sentidos das atividades e finalidades da institui\u00e7\u00e3o;<\/li><li>Identificar as causas de problemas e defici\u00eancias;<\/li><li>Aumentar a consci\u00eancia pedag\u00f3gica e capacidade profissional dos docentes e funcion\u00e1rios;<\/li><li>Fortalecer rela\u00e7\u00f5es de coopera\u00e7\u00e3o entre os atores institucionais;<\/li><li>Julgar a relev\u00e2ncia cient\u00edfica e social das atividades e produtos da institui\u00e7\u00e3o;<\/li><li>Prestar contas \u00e0 sociedade;<\/li><li>Efetivar a vincula\u00e7\u00e3o da institui\u00e7\u00e3o com a comunidade;<\/li><li>Melhorar a qualidade da educa\u00e7\u00e3o superior;<\/li><li>Proporcionar a expans\u00e3o de sua oferta;<\/li><li>Aumentar a efic\u00e1cia institucional e efetividade acad\u00eamica e social.<\/li><\/ul>\t\t\t\t\t\t<\/div>\n\t\t\t\t<\/div>\n\t\t\t\t<\/div>\n\t\t<div class=\"elementor-element elementor-element-f0289d7 e-con-full e-flex e-con e-child\" data-id=\"f0289d7\" data-element_type=\"container\">\n\t\t\t\t<div class=\"elementor-element elementor-element-6e0ee1a elementor-widget elementor-widget-heading\" data-id=\"6e0ee1a\" data-element_type=\"widget\" data-widget_type=\"heading.default\">\n\t\t\t\t<div class=\"elementor-widget-container\">\n\t\t\t<h2 class=\"elementor-heading-title elementor-size-default\">DIMENS\u00d5ES AVALIADAS PELA CPA DA FAMEP<\/h2>\t\t<\/div>\n\t\t\t\t<\/div>\n\t\t\t\t<div class=\"elementor-element elementor-element-52bae08 elementor-widget elementor-widget-text-editor\" data-id=\"52bae08\" data-element_type=\"widget\" data-widget_type=\"text-editor.default\">\n\t\t\t\t<div class=\"elementor-widget-container\">\n\t\t\t\t\t\t\t<h5>(ORIENTA\u00c7\u00d5ES DA LEI DE SINAES N\u00ba 10.861\/2004).<\/h5>\t\t\t\t\t\t<\/div>\n\t\t\t\t<\/div>\n\t\t\t\t<div class=\"elementor-element elementor-element-a4982c7 elementor-widget elementor-widget-text-editor\" data-id=\"a4982c7\" data-element_type=\"widget\" data-widget_type=\"text-editor.default\">\n\t\t\t\t<div class=\"elementor-widget-container\">\n\t\t\t\t\t\t\t<p>A avalia\u00e7\u00e3o engloba dimens\u00f5es como ensino, produ\u00e7\u00e3o acad\u00eamica, extens\u00e3o e gest\u00e3o institucional, e seus \u00edndices s\u00e3o expressos quantitativa e qualitativamente. As 10 dimens\u00f5es avaliadas, que foram reagrupadas em cinco eixos s\u00e3o:<\/p><p><strong>EIXO 1: Planejamento e Avalia\u00e7\u00e3o Institucional:<\/strong><\/p><p>Dimens\u00e3o 8. Planejamento e avalia\u00e7\u00e3o.<\/p><p><strong>EIXO 2: Desenvolvimento Institucional:<\/strong><\/p><p>Dimens\u00e3o 1. Miss\u00e3o e Plano de Desenvolvimento Institucional.<br \/>Dimens\u00e3o 2. Responsabilidade social.<\/p><p><strong>EIXO 3: Pol\u00edticas Acad\u00eamicas:<\/strong><\/p><p>Dimens\u00e3o 3. Pol\u00edtica para o ensino, a pesquisa e a extens\u00e3o.<br \/>Dimens\u00e3o 4. Comunica\u00e7\u00e3o com a Sociedade.<br \/>Dimens\u00e3o 9. Pol\u00edticas de atendimento a estudantes.<\/p><p><strong>EIXO 4: Pol\u00edticas de Gest\u00e3o:<\/strong><\/p><p>Dimens\u00e3o 5. Pol\u00edtica de pessoal.<br \/>Dimens\u00e3o 6. Organiza\u00e7\u00e3o e Gest\u00e3o.<br \/>Dimens\u00e3o 10. Sustentabilidade Financeira.<\/p><p><strong>EIXO 5: Infraestrutura F\u00edsica:<\/strong><\/p><p>Dimens\u00e3o 7. Infraestrutura f\u00edsica, recursos de informa\u00e7\u00e3o e comunica\u00e7\u00e3o.<\/p>\t\t\t\t\t\t<\/div>\n\t\t\t\t<\/div>\n\t\t\t\t<\/div>\n\t\t<div class=\"elementor-element elementor-element-a991f7e e-con-full e-flex e-con e-child\" data-id=\"a991f7e\" data-element_type=\"container\">\n\t\t\t\t<div class=\"elementor-element elementor-element-99eb6b0 elementor-widget elementor-widget-heading\" data-id=\"99eb6b0\" data-element_type=\"widget\" data-widget_type=\"heading.default\">\n\t\t\t\t<div class=\"elementor-widget-container\">\n\t\t\t<h2 class=\"elementor-heading-title elementor-size-default\">MEMBROS DA COMISS\u00c3O DA CPA<\/h2>\t\t<\/div>\n\t\t\t\t<\/div>\n\t\t\t\t<div class=\"elementor-element elementor-element-e1056e7 elementor-widget elementor-widget-text-editor\" data-id=\"e1056e7\" data-element_type=\"widget\" data-widget_type=\"text-editor.default\">\n\t\t\t\t<div class=\"elementor-widget-container\">\n\t\t\t\t\t\t\t<p><strong>Josynaira Ara\u00fajo Neves<br \/><\/strong>Representante do corpo docente o e coordenador da CPA<\/p><p><strong>Emanoely dos Santos Nunes<br \/><\/strong>Representante do corpo docente<\/p><p><strong>Steffany Sadala Oliveira Gomes<br \/><\/strong>Representante dos t\u00e9cnicos administrativos<\/p><p><strong>Josivan Soares Feitosa<br \/><\/strong>Representante dos t\u00e9cnicos administrativos<\/p><p><strong>Ant\u00f4nio Josino Oliveira<br \/><\/strong>Representante da sociedade civil organizada<\/p>\t\t\t\t\t\t<\/div>\n\t\t\t\t<\/div>\n\t\t\t\t<\/div>\n\t\t<div class=\"elementor-element elementor-element-829f180 e-con-full e-flex e-con e-child\" data-id=\"829f180\" data-element_type=\"container\">\n\t\t\t\t<div class=\"elementor-element elementor-element-bad738b elementor-widget elementor-widget-heading\" data-id=\"bad738b\" data-element_type=\"widget\" data-widget_type=\"heading.default\">\n\t\t\t\t<div class=\"elementor-widget-container\">\n\t\t\t<h2 class=\"elementor-heading-title elementor-size-default\">QUESTION\u00c1RIO DE AVALIA\u00c7\u00c3O<\/h2>\t\t<\/div>\n\t\t\t\t<\/div>\n\t\t\t\t<div class=\"elementor-element elementor-element-22b4a63 elementor-widget elementor-widget-text-editor\" data-id=\"22b4a63\" data-element_type=\"widget\" data-widget_type=\"text-editor.default\">\n\t\t\t\t<div class=\"elementor-widget-container\">\n\t\t\t\t\t\t\t<p><strong>Alunos<\/strong><\/p>\t\t\t\t\t\t<\/div>\n\t\t\t\t<\/div>\n\t\t\t\t<div class=\"elementor-element elementor-element-d5d91ec elementor-widget elementor-widget-button\" data-id=\"d5d91ec\" data-element_type=\"widget\" data-widget_type=\"button.default\">\n\t\t\t\t<div class=\"elementor-widget-container\">\n\t\t\t\t\t<div class=\"elementor-button-wrapper\">\n\t\t\t<a class=\"elementor-button elementor-button-link elementor-size-sm\" href=\"https:\/\/famep.com.br\/site\/cpa-discientes\/\" target=\"_blank\">\n\t\t\t\t\t\t<span class=\"elementor-button-content-wrapper\">\n\t\t\t\t\t\t\t\t\t<span class=\"elementor-button-text\">Acessar Question\u00e1rio<\/span>\n\t\t\t\t\t<\/span>\n\t\t\t\t\t<\/a>\n\t\t<\/div>\n\t\t\t\t<\/div>\n\t\t\t\t<\/div>\n\t\t\t\t<div class=\"elementor-element elementor-element-9959ebd elementor-widget elementor-widget-text-editor\" data-id=\"9959ebd\" data-element_type=\"widget\" data-widget_type=\"text-editor.default\">\n\t\t\t\t<div class=\"elementor-widget-container\">\n\t\t\t\t\t\t\t<p><strong>Docentes<\/strong><\/p>\t\t\t\t\t\t<\/div>\n\t\t\t\t<\/div>\n\t\t\t\t<div class=\"elementor-element elementor-element-a331417 elementor-widget elementor-widget-button\" data-id=\"a331417\" data-element_type=\"widget\" data-widget_type=\"button.default\">\n\t\t\t\t<div class=\"elementor-widget-container\">\n\t\t\t\t\t<div class=\"elementor-button-wrapper\">\n\t\t\t<a class=\"elementor-button elementor-button-link elementor-size-sm\" href=\"https:\/\/famep.com.br\/site\/cpa-docentes\/\" target=\"_blank\">\n\t\t\t\t\t\t<span class=\"elementor-button-content-wrapper\">\n\t\t\t\t\t\t\t\t\t<span class=\"elementor-button-text\">Acessar Question\u00e1rio<\/span>\n\t\t\t\t\t<\/span>\n\t\t\t\t\t<\/a>\n\t\t<\/div>\n\t\t\t\t<\/div>\n\t\t\t\t<\/div>\n\t\t\t\t<div class=\"elementor-element elementor-element-17fd7bc elementor-widget elementor-widget-text-editor\" data-id=\"17fd7bc\" data-element_type=\"widget\" data-widget_type=\"text-editor.default\">\n\t\t\t\t<div class=\"elementor-widget-container\">\n\t\t\t\t\t\t\t<p><strong>Administrativos<\/strong><\/p>\t\t\t\t\t\t<\/div>\n\t\t\t\t<\/div>\n\t\t\t\t<div class=\"elementor-element elementor-element-cb7649e elementor-widget elementor-widget-button\" data-id=\"cb7649e\" data-element_type=\"widget\" data-widget_type=\"button.default\">\n\t\t\t\t<div class=\"elementor-widget-container\">\n\t\t\t\t\t<div class=\"elementor-button-wrapper\">\n\t\t\t<a class=\"elementor-button elementor-button-link elementor-size-sm\" href=\"https:\/\/famep.com.br\/site\/cpa-administrativos\/\" target=\"_blank\">\n\t\t\t\t\t\t<span class=\"elementor-button-content-wrapper\">\n\t\t\t\t\t\t\t\t\t<span class=\"elementor-button-text\">Acessar Question\u00e1rio<\/span>\n\t\t\t\t\t<\/span>\n\t\t\t\t\t<\/a>\n\t\t<\/div>\n\t\t\t\t<\/div>\n\t\t\t\t<\/div>\n\t\t\t\t<\/div>\n\t\t\t\t\t<\/div>\n\t\t\t\t<\/div>\n\t\t<div class=\"elementor-element elementor-element-4d44ce7 e-flex e-con-boxed e-con e-parent\" data-id=\"4d44ce7\" data-element_type=\"container\" data-settings=\"{&quot;background_background&quot;:&quot;classic&quot;}\">\n\t\t\t\t\t<div class=\"e-con-inner\">\n\t\t<div class=\"elementor-element elementor-element-3c001bb e-grid e-con-boxed e-con e-child\" data-id=\"3c001bb\" data-element_type=\"container\">\n\t\t\t\t\t<div class=\"e-con-inner\">\n\t\t<div class=\"elementor-element elementor-element-273b435 e-grid e-con-boxed e-con e-child\" data-id=\"273b435\" data-element_type=\"container\">\n\t\t\t\t\t<div class=\"e-con-inner\">\n\t\t\t\t<div class=\"elementor-element elementor-element-e857a66 elementor-view-default elementor-position-top elementor-mobile-position-top elementor-widget elementor-widget-icon-box\" data-id=\"e857a66\" data-element_type=\"widget\" data-widget_type=\"icon-box.default\">\n\t\t\t\t<div class=\"elementor-widget-container\">\n\t\t\t\t\t<div class=\"elementor-icon-box-wrapper\">\n\n\t\t\t\t\t\t<div class=\"elementor-icon-box-icon\">\n\t\t\t\t<a href=\"https:\/\/web.whatsapp.com\/send?phone=558699999-5296\" target=\"_blank\" class=\"elementor-icon elementor-animation-\" tabindex=\"-1\">\n\t\t\t\t<svg aria-hidden=\"true\" class=\"e-font-icon-svg e-fab-whatsapp\" viewBox=\"0 0 448 512\" xmlns=\"http:\/\/www.w3.org\/2000\/svg\"><path d=\"M380.9 97.1C339 55.1 283.2 32 223.9 32c-122.4 0-222 99.6-222 222 0 39.1 10.2 77.3 29.6 111L0 480l117.7-30.9c32.4 17.7 68.9 27 106.1 27h.1c122.3 0 224.1-99.6 224.1-222 0-59.3-25.2-115-67.1-157zm-157 341.6c-33.2 0-65.7-8.9-94-25.7l-6.7-4-69.8 18.3L72 359.2l-4.4-7c-18.5-29.4-28.2-63.3-28.2-98.2 0-101.7 82.8-184.5 184.6-184.5 49.3 0 95.6 19.2 130.4 54.1 34.8 34.9 56.2 81.2 56.1 130.5 0 101.8-84.9 184.6-186.6 184.6zm101.2-138.2c-5.5-2.8-32.8-16.2-37.9-18-5.1-1.9-8.8-2.8-12.5 2.8-3.7 5.6-14.3 18-17.6 21.8-3.2 3.7-6.5 4.2-12 1.4-32.6-16.3-54-29.1-75.5-66-5.7-9.8 5.7-9.1 16.3-30.3 1.8-3.7.9-6.9-.5-9.7-1.4-2.8-12.5-30.1-17.1-41.2-4.5-10.8-9.1-9.3-12.5-9.5-3.2-.2-6.9-.2-10.6-.2-3.7 0-9.7 1.4-14.8 6.9-5.1 5.6-19.4 19-19.4 46.3 0 27.3 19.9 53.7 22.6 57.4 2.8 3.7 39.1 59.7 94.8 83.8 35.2 15.2 49 16.5 66.6 13.9 10.7-1.6 32.8-13.4 37.4-26.4 4.6-13 4.6-24.1 3.2-26.4-1.3-2.5-5-3.9-10.5-6.6z\"><\/path><\/svg>\t\t\t\t<\/a>\n\t\t\t<\/div>\n\t\t\t\n\t\t\t\t\t\t<div class=\"elementor-icon-box-content\">\n\n\t\t\t\t\t\t\t\t\t<h3 class=\"elementor-icon-box-title\">\n\t\t\t\t\t\t<a href=\"https:\/\/web.whatsapp.com\/send?phone=558699999-5296\" target=\"_blank\" >\n\t\t\t\t\t\t\tNosso WhatsApp\t\t\t\t\t\t<\/a>\n\t\t\t\t\t<\/h3>\n\t\t\t\t\n\t\t\t\t\n\t\t\t<\/div>\n\t\t\t\n\t\t<\/div>\n\t\t\t\t<\/div>\n\t\t\t\t<\/div>\n\t\t\t\t<div class=\"elementor-element elementor-element-8990eca elementor-align-center elementor-widget elementor-widget-button\" data-id=\"8990eca\" data-element_type=\"widget\" data-widget_type=\"button.default\">\n\t\t\t\t<div class=\"elementor-widget-container\">\n\t\t\t\t\t<div class=\"elementor-button-wrapper\">\n\t\t\t<a class=\"elementor-button elementor-button-link elementor-size-sm elementor-animation-grow\" href=\"https:\/\/web.whatsapp.com\/send?phone=558699999-5296\" target=\"_blank\">\n\t\t\t\t\t\t<span class=\"elementor-button-content-wrapper\">\n\t\t\t\t\t\t\t\t\t<span class=\"elementor-button-text\">Clique aqui<\/span>\n\t\t\t\t\t<\/span>\n\t\t\t\t\t<\/a>\n\t\t<\/div>\n\t\t\t\t<\/div>\n\t\t\t\t<\/div>\n\t\t\t\t\t<\/div>\n\t\t\t\t<\/div>\n\t\t<div class=\"elementor-element elementor-element-de4486d e-grid e-con-boxed e-con e-child\" data-id=\"de4486d\" data-element_type=\"container\">\n\t\t\t\t\t<div class=\"e-con-inner\">\n\t\t\t\t<div class=\"elementor-element elementor-element-dd543eb elementor-view-default elementor-position-top elementor-mobile-position-top elementor-widget elementor-widget-icon-box\" data-id=\"dd543eb\" data-element_type=\"widget\" data-widget_type=\"icon-box.default\">\n\t\t\t\t<div class=\"elementor-widget-container\">\n\t\t\t\t\t<div class=\"elementor-icon-box-wrapper\">\n\n\t\t\t\t\t\t<div class=\"elementor-icon-box-icon\">\n\t\t\t\t<a href=\"mailto:faculdadefamep@yahoo.com.br\" class=\"elementor-icon elementor-animation-\" tabindex=\"-1\">\n\t\t\t\t<svg aria-hidden=\"true\" class=\"e-font-icon-svg e-far-envelope\" viewBox=\"0 0 512 512\" xmlns=\"http:\/\/www.w3.org\/2000\/svg\"><path d=\"M464 64H48C21.49 64 0 85.49 0 112v288c0 26.51 21.49 48 48 48h416c26.51 0 48-21.49 48-48V112c0-26.51-21.49-48-48-48zm0 48v40.805c-22.422 18.259-58.168 46.651-134.587 106.49-16.841 13.247-50.201 45.072-73.413 44.701-23.208.375-56.579-31.459-73.413-44.701C106.18 199.465 70.425 171.067 48 152.805V112h416zM48 400V214.398c22.914 18.251 55.409 43.862 104.938 82.646 21.857 17.205 60.134 55.186 103.062 54.955 42.717.231 80.509-37.199 103.053-54.947 49.528-38.783 82.032-64.401 104.947-82.653V400H48z\"><\/path><\/svg>\t\t\t\t<\/a>\n\t\t\t<\/div>\n\t\t\t\n\t\t\t\t\t\t<div class=\"elementor-icon-box-content\">\n\n\t\t\t\t\t\t\t\t\t<h3 class=\"elementor-icon-box-title\">\n\t\t\t\t\t\t<a href=\"mailto:faculdadefamep@yahoo.com.br\" >\n\t\t\t\t\t\t\tNosso Email\t\t\t\t\t\t<\/a>\n\t\t\t\t\t<\/h3>\n\t\t\t\t\n\t\t\t\t\n\t\t\t<\/div>\n\t\t\t\n\t\t<\/div>\n\t\t\t\t<\/div>\n\t\t\t\t<\/div>\n\t\t\t\t<div class=\"elementor-element elementor-element-d34322d elementor-align-center elementor-widget elementor-widget-button\" data-id=\"d34322d\" data-element_type=\"widget\" data-widget_type=\"button.default\">\n\t\t\t\t<div class=\"elementor-widget-container\">\n\t\t\t\t\t<div class=\"elementor-button-wrapper\">\n\t\t\t<a class=\"elementor-button elementor-button-link elementor-size-sm elementor-animation-grow\" href=\"mailto:faculdadefamep@yahoo.com.br\" target=\"_blank\">\n\t\t\t\t\t\t<span class=\"elementor-button-content-wrapper\">\n\t\t\t\t\t\t\t\t\t<span class=\"elementor-button-text\">Clique aqui<\/span>\n\t\t\t\t\t<\/span>\n\t\t\t\t\t<\/a>\n\t\t<\/div>\n\t\t\t\t<\/div>\n\t\t\t\t<\/div>\n\t\t\t\t\t<\/div>\n\t\t\t\t<\/div>\n\t\t<div class=\"elementor-element elementor-element-3e93f36 e-grid e-con-boxed e-con e-child\" data-id=\"3e93f36\" data-element_type=\"container\">\n\t\t\t\t\t<div class=\"e-con-inner\">\n\t\t\t\t<div class=\"elementor-element elementor-element-d442182 elementor-view-default elementor-position-top elementor-mobile-position-top elementor-widget elementor-widget-icon-box\" data-id=\"d442182\" data-element_type=\"widget\" data-widget_type=\"icon-box.default\">\n\t\t\t\t<div class=\"elementor-widget-container\">\n\t\t\t\t\t<div class=\"elementor-icon-box-wrapper\">\n\n\t\t\t\t\t\t<div class=\"elementor-icon-box-icon\">\n\t\t\t\t<a href=\"https:\/\/famep.com.br\/site\/contato\" class=\"elementor-icon elementor-animation-\" tabindex=\"-1\">\n\t\t\t\t<svg aria-hidden=\"true\" class=\"e-font-icon-svg e-fas-comment-dots\" viewBox=\"0 0 512 512\" xmlns=\"http:\/\/www.w3.org\/2000\/svg\"><path d=\"M256 32C114.6 32 0 125.1 0 240c0 49.6 21.4 95 57 130.7C44.5 421.1 2.7 466 2.2 466.5c-2.2 2.3-2.8 5.7-1.5 8.7S4.8 480 8 480c66.3 0 116-31.8 140.6-51.4 32.7 12.3 69 19.4 107.4 19.4 141.4 0 256-93.1 256-208S397.4 32 256 32zM128 272c-17.7 0-32-14.3-32-32s14.3-32 32-32 32 14.3 32 32-14.3 32-32 32zm128 0c-17.7 0-32-14.3-32-32s14.3-32 32-32 32 14.3 32 32-14.3 32-32 32zm128 0c-17.7 0-32-14.3-32-32s14.3-32 32-32 32 14.3 32 32-14.3 32-32 32z\"><\/path><\/svg>\t\t\t\t<\/a>\n\t\t\t<\/div>\n\t\t\t\n\t\t\t\t\t\t<div class=\"elementor-icon-box-content\">\n\n\t\t\t\t\t\t\t\t\t<h3 class=\"elementor-icon-box-title\">\n\t\t\t\t\t\t<a href=\"https:\/\/famep.com.br\/site\/contato\" >\n\t\t\t\t\t\t\tNosso Contato\t\t\t\t\t\t<\/a>\n\t\t\t\t\t<\/h3>\n\t\t\t\t\n\t\t\t\t\n\t\t\t<\/div>\n\t\t\t\n\t\t<\/div>\n\t\t\t\t<\/div>\n\t\t\t\t<\/div>\n\t\t\t\t<div class=\"elementor-element elementor-element-31e45f0 elementor-align-center elementor-widget elementor-widget-button\" data-id=\"31e45f0\" data-element_type=\"widget\" data-widget_type=\"button.default\">\n\t\t\t\t<div class=\"elementor-widget-container\">\n\t\t\t\t\t<div class=\"elementor-button-wrapper\">\n\t\t\t<a class=\"elementor-button elementor-button-link elementor-size-sm elementor-animation-grow\" href=\"https:\/\/famep.com.br\/site\/contato\">\n\t\t\t\t\t\t<span class=\"elementor-button-content-wrapper\">\n\t\t\t\t\t\t\t\t\t<span class=\"elementor-button-text\">Clique aqui<\/span>\n\t\t\t\t\t<\/span>\n\t\t\t\t\t<\/a>\n\t\t<\/div>\n\t\t\t\t<\/div>\n\t\t\t\t<\/div>\n\t\t\t\t\t<\/div>\n\t\t\t\t<\/div>\n\t\t\t\t\t<\/div>\n\t\t\t\t<\/div>\n\t\t\t\t\t<\/div>\n\t\t\t\t<\/div>\n\t\t\t\t<\/div>\n\t\t","protected":false},"excerpt":{"rendered":"<p>CPA Comiss\u00e3o Pr\u00f3pria de Avalia\u00e7\u00e3o &#8211; cpa AVALIA\u00c7\u00c3O INSTITUCIONAL A avalia\u00e7\u00e3o institucional qualifica-se como constru\u00e7\u00e3o coletiva de conhecimentos geradores de reflex\u00f5es indutoras da melhoria da qualidade das atividades pedag\u00f3gicas, cient\u00edficas, administrativas e de rela\u00e7\u00f5es sociais estabelecidas no interior da IES e suas vincula\u00e7\u00f5es com a sociedade. A avalia\u00e7\u00e3o \u00e9 um processo que busca melhorar a [&hellip;]<\/p>\n","protected":false},"author":1,"featured_media":449,"parent":0,"menu_order":0,"comment_status":"closed","ping_status":"closed","template":"elementor_header_footer","meta":{"footnotes":""},"class_list":["post-770","page","type-page","status-publish","has-post-thumbnail","hentry"],"_links":{"self":[{"href":"https:\/\/famep.com.br\/site\/wp-json\/wp\/v2\/pages\/770","targetHints":{"allow":["GET"]}}],"collection":[{"href":"https:\/\/famep.com.br\/site\/wp-json\/wp\/v2\/pages"}],"about":[{"href":"https:\/\/famep.com.br\/site\/wp-json\/wp\/v2\/types\/page"}],"author":[{"embeddable":true,"href":"https:\/\/famep.com.br\/site\/wp-json\/wp\/v2\/users\/1"}],"replies":[{"embeddable":true,"href":"https:\/\/famep.com.br\/site\/wp-json\/wp\/v2\/comments?post=770"}],"version-history":[{"count":49,"href":"https:\/\/famep.com.br\/site\/wp-json\/wp\/v2\/pages\/770\/revisions"}],"predecessor-version":[{"id":4852,"href":"https:\/\/famep.com.br\/site\/wp-json\/wp\/v2\/pages\/770\/revisions\/4852"}],"wp:featuredmedia":[{"embeddable":true,"href":"https:\/\/famep.com.br\/site\/wp-json\/wp\/v2\/media\/449"}],"wp:attachment":[{"href":"https:\/\/famep.com.br\/site\/wp-json\/wp\/v2\/media?parent=770"}],"curies":[{"name":"wp","href":"https:\/\/api.w.org\/{rel}","templated":true}]}}